{"id":39811,"date":"2021-03-09T16:24:39","date_gmt":"2021-03-09T21:27:59","guid":{"rendered":"https:\/\/petmobile.ca\/?post_type=product&#038;p=39811"},"modified":"2021-12-23T09:24:19","modified_gmt":"2021-12-23T14:24:19","slug":"zanimo-articulations-intermediaire","status":"publish","type":"product","link":"https:\/\/petmobile.ca\/fr\/produit\/zanimo-articulations-intermediaire\/","title":{"rendered":"Zanimo <br> Articulations &#8211; Interm\u00e9diaire"},"content":{"rendered":"<p>Formule naturelle qui aide \u00e0 am\u00e9liorer la sant\u00e9 des articulations, des os et des cartilages. Maintient la souplesse des articulations, contribue \u00e0 la vitalit\u00e9 et au bien-\u00eatre de votre animal. Assure une meilleure qualit\u00e9 de vie au quotidien. En comprim\u00e9s \u00e0 croquer, offrez-les comme une g\u00e2terie! Ce suppl\u00e9ment contient seulement 6 ingr\u00e9dients.<\/p>\n<p>Vendu par contenant de 40 ou 120 comprim\u00e9s.<\/p>\n<p>&nbsp;<\/p>\n<p><u><strong>Ingr\u00e9dients actifs pour 2 comprim\u00e9s :<\/strong><\/u><\/p>\n<p>Hydrochlorure de Glucosamine 1000mg, Sulfate de Chondroitine 400mg, M\u00e9thylsulfonylm\u00e9thane 200mg, Harpagophytum procumbens (Griffe du diable) 100mg.<\/p>\n<p>&nbsp;<\/p>\n<p><u><strong>Ingr\u00e9dients non m\u00e9dicinaux :<\/strong><\/u><\/p>\n<p>Foie de boeuf, Vitamine C, Calcium, Magn\u00e9sium, Cellulose, Acacia, Dioxyde de silicium collo\u00efdal.<\/p>\n<p>&nbsp;<\/p>\n<p><u><strong>Utilisation :<\/strong><\/u><\/p>\n<p>1 comprim\u00e9 par 10 kg (20 lb) de poids corporel. Mettre sur sa nourriture ou donner comme une g\u00e2terie 1 fois par jour, durant 1 \u00e0 3 mois ou plus. Poursuivre selon sa condition.<\/p>\n","protected":false},"excerpt":{"rendered":"<p>Formule naturelle qui aide \u00e0 am\u00e9liorer la sant\u00e9 des articulations, des os et des cartilages. Maintient la souplesse des articulations,<\/p>\n","protected":false},"featured_media":65735,"comment_status":"closed","ping_status":"closed","template":"","meta":[],"product_brand":[],"product_cat":[1092,1109,2290,2313,2295,1780],"product_tag":[],"pa_animal":[1847,1848],"pa_couleur":[],"pa_duration":[],"pa_format":[2245,2244],"pa_marque":[],"pa_type-de-produit":[2453],"class_list":{"0":"post-39811","1":"product","2":"type-product","3":"status-publish","4":"has-post-thumbnail","6":"product_cat-produits-pour-chat","7":"product_cat-nourriture-et-produits-pour-chien","8":"product_cat-chien-soins","9":"product_cat-soins-chat","10":"product_cat-chien-soins-supplements","11":"product_cat-traitement-chat","12":"pa_animal-chat","13":"pa_animal-chien","14":"pa_format-120-comp","15":"pa_format-40-comp","16":"pa_type-de-produit-soin","17":"has-subscription-plans","19":"first","20":"instock","21":"taxable","22":"shipping-taxable","23":"purchasable","24":"product-type-variable"},"aioseo_notices":[],"_links":{"self":[{"href":"https:\/\/petmobile.ca\/fr\/wp-json\/wp\/v2\/product\/39811","targetHints":{"allow":["GET"]}}],"collection":[{"href":"https:\/\/petmobile.ca\/fr\/wp-json\/wp\/v2\/product"}],"about":[{"href":"https:\/\/petmobile.ca\/fr\/wp-json\/wp\/v2\/types\/product"}],"replies":[{"embeddable":true,"href":"https:\/\/petmobile.ca\/fr\/wp-json\/wp\/v2\/comments?post=39811"}],"wp:featuredmedia":[{"embeddable":true,"href":"https:\/\/petmobile.ca\/fr\/wp-json\/wp\/v2\/media\/65735"}],"wp:attachment":[{"href":"https:\/\/petmobile.ca\/fr\/wp-json\/wp\/v2\/media?parent=39811"}],"wp:term":[{"taxonomy":"product_brand","embeddable":true,"href":"https:\/\/petmobile.ca\/fr\/wp-json\/wp\/v2\/product_brand?post=39811"},{"taxonomy":"product_cat","embeddable":true,"href":"https:\/\/petmobile.ca\/fr\/wp-json\/wp\/v2\/product_cat?post=39811"},{"taxonomy":"product_tag","embeddable":true,"href":"https:\/\/petmobile.ca\/fr\/wp-json\/wp\/v2\/product_tag?post=39811"},{"taxonomy":"pa_animal","embeddable":true,"href":"https:\/\/petmobile.ca\/fr\/wp-json\/wp\/v2\/pa_animal?post=39811"},{"taxonomy":"pa_couleur","embeddable":true,"href":"https:\/\/petmobile.ca\/fr\/wp-json\/wp\/v2\/pa_couleur?post=39811"},{"taxonomy":"pa_duration","embeddable":true,"href":"https:\/\/petmobile.ca\/fr\/wp-json\/wp\/v2\/pa_duration?post=39811"},{"taxonomy":"pa_format","embeddable":true,"href":"https:\/\/petmobile.ca\/fr\/wp-json\/wp\/v2\/pa_format?post=39811"},{"taxonomy":"pa_marque","embeddable":true,"href":"https:\/\/petmobile.ca\/fr\/wp-json\/wp\/v2\/pa_marque?post=39811"},{"taxonomy":"pa_type-de-produit","embeddable":true,"href":"https:\/\/petmobile.ca\/fr\/wp-json\/wp\/v2\/pa_type-de-produit?post=39811"}],"curies":[{"name":"wp","href":"https:\/\/api.w.org\/{rel}","templated":true}]}}