{"id":39870,"date":"2021-03-13T11:29:42","date_gmt":"2021-03-13T16:33:52","guid":{"rendered":"https:\/\/petmobile.ca\/?post_type=product&#038;p=39870"},"modified":"2025-03-26T10:25:47","modified_gmt":"2025-03-26T14:25:47","slug":"simons-herbe-a-chat","status":"publish","type":"product","link":"https:\/\/petmobile.ca\/fr\/produit\/simons-herbe-a-chat\/","title":{"rendered":"Simon&rsquo;s <br> Herbe \u00e0 Chat Kickin&rsquo; &#8211; 14g"},"content":{"rendered":"<p>Les brins d'herbe-\u00e0-chat de culture domestique de Simon sont s\u00e9lectionn\u00e9s \u00e0 la main et sp\u00e9cialement s\u00e9ch\u00e9s pour conserver le fort ar\u00f4me de la cataire. Une odeur \u00e0 laquelle les chats ne peuvent naturellement pas r\u00e9sister! Tordre et pincer l\u00e9g\u00e8rement le brin pour faciliter le d\u00e9gagement de l'ar\u00f4me de l'herbe.<\/p>\n<p>Disponible en deux formats : 14g, 28g.<\/p>\n","protected":false},"excerpt":{"rendered":"<p>Les brins d&rsquo;herbe-\u00e0-chat de culture domestique de Simon sont s\u00e9lectionn\u00e9s \u00e0 la main et sp\u00e9cialement s\u00e9ch\u00e9s pour conserver le fort<\/p>\n","protected":false},"featured_media":39869,"comment_status":"closed","ping_status":"closed","template":"","meta":[],"product_brand":[],"product_cat":[1092,1096,2873],"product_tag":[],"pa_animal":[1847],"pa_couleur":[],"pa_duration":[],"pa_format":[2642,2643],"pa_marque":[2644],"pa_type-de-produit":[2457],"class_list":{"0":"post-39870","1":"product","2":"type-product","3":"status-publish","4":"has-post-thumbnail","6":"product_cat-produits-pour-chat","7":"product_cat-chat-gateries","8":"product_cat-herbe-a-chat","9":"pa_animal-chat","10":"pa_format-14g-fr","11":"pa_format-28g-fr","12":"pa_marque-simons-fr","13":"pa_type-de-produit-complement-alimentaire","14":"has-subscription-plans","16":"first","17":"instock","18":"taxable","19":"shipping-taxable","20":"purchasable","21":"product-type-variable"},"aioseo_notices":[],"_links":{"self":[{"href":"https:\/\/petmobile.ca\/fr\/wp-json\/wp\/v2\/product\/39870","targetHints":{"allow":["GET"]}}],"collection":[{"href":"https:\/\/petmobile.ca\/fr\/wp-json\/wp\/v2\/product"}],"about":[{"href":"https:\/\/petmobile.ca\/fr\/wp-json\/wp\/v2\/types\/product"}],"replies":[{"embeddable":true,"href":"https:\/\/petmobile.ca\/fr\/wp-json\/wp\/v2\/comments?post=39870"}],"wp:featuredmedia":[{"embeddable":true,"href":"https:\/\/petmobile.ca\/fr\/wp-json\/wp\/v2\/media\/39869"}],"wp:attachment":[{"href":"https:\/\/petmobile.ca\/fr\/wp-json\/wp\/v2\/media?parent=39870"}],"wp:term":[{"taxonomy":"product_brand","embeddable":true,"href":"https:\/\/petmobile.ca\/fr\/wp-json\/wp\/v2\/product_brand?post=39870"},{"taxonomy":"product_cat","embeddable":true,"href":"https:\/\/petmobile.ca\/fr\/wp-json\/wp\/v2\/product_cat?post=39870"},{"taxonomy":"product_tag","embeddable":true,"href":"https:\/\/petmobile.ca\/fr\/wp-json\/wp\/v2\/product_tag?post=39870"},{"taxonomy":"pa_animal","embeddable":true,"href":"https:\/\/petmobile.ca\/fr\/wp-json\/wp\/v2\/pa_animal?post=39870"},{"taxonomy":"pa_couleur","embeddable":true,"href":"https:\/\/petmobile.ca\/fr\/wp-json\/wp\/v2\/pa_couleur?post=39870"},{"taxonomy":"pa_duration","embeddable":true,"href":"https:\/\/petmobile.ca\/fr\/wp-json\/wp\/v2\/pa_duration?post=39870"},{"taxonomy":"pa_format","embeddable":true,"href":"https:\/\/petmobile.ca\/fr\/wp-json\/wp\/v2\/pa_format?post=39870"},{"taxonomy":"pa_marque","embeddable":true,"href":"https:\/\/petmobile.ca\/fr\/wp-json\/wp\/v2\/pa_marque?post=39870"},{"taxonomy":"pa_type-de-produit","embeddable":true,"href":"https:\/\/petmobile.ca\/fr\/wp-json\/wp\/v2\/pa_type-de-produit?post=39870"}],"curies":[{"name":"wp","href":"https:\/\/api.w.org\/{rel}","templated":true}]}}