{"id":40736,"date":"2021-05-10T15:02:55","date_gmt":"2021-05-14T17:38:13","guid":{"rendered":"https:\/\/petmobile.ca\/?post_type=product&#038;p=40736"},"modified":"2024-12-03T09:39:56","modified_gmt":"2024-12-03T14:39:56","slug":"1st-choice-croissance-optimale-pour-chatons","status":"publish","type":"product","link":"https:\/\/petmobile.ca\/fr\/produit\/1st-choice-croissance-optimale-pour-chatons\/","title":{"rendered":"1st Choice <br> Croissance Optimale pour Chatons"},"content":{"rendered":"<p><a href=\"https:\/\/petmobile.ca\/wp-content\/uploads\/2021\/05\/Morue_FR.png\"><img decoding=\"async\" class=\"lazyload alignleft wp-image-40737\" src=\"https:\/\/petmobile.ca\/wp-content\/uploads\/2021\/05\/Morue_FR.png\" data-orig-src=\"https:\/\/petmobile.ca\/wp-content\/uploads\/2021\/05\/Morue_FR.png\" alt=\"\" width=\"411\" height=\"198\" srcset=\"data:image\/svg+xml,%3Csvg%20xmlns%3D%27http%3A%2F%2Fwww.w3.org%2F2000%2Fsvg%27%20width%3D%27411%27%20height%3D%27198%27%20viewBox%3D%270%200%20411%20198%27%3E%3Crect%20width%3D%27411%27%20height%3D%27198%27%20fill-opacity%3D%220%22%2F%3E%3C%2Fsvg%3E\" data-srcset=\"https:\/\/petmobile.ca\/wp-content\/uploads\/2021\/05\/Morue_FR-200x96.png 200w, https:\/\/petmobile.ca\/wp-content\/uploads\/2021\/05\/Morue_FR-300x145.png 300w, https:\/\/petmobile.ca\/wp-content\/uploads\/2021\/05\/Morue_FR-400x193.png 400w, https:\/\/petmobile.ca\/wp-content\/uploads\/2021\/05\/Morue_FR-600x289.png 600w, https:\/\/petmobile.ca\/wp-content\/uploads\/2021\/05\/Morue_FR.png 693w\" data-sizes=\"auto\" data-orig-sizes=\"(max-width: 411px) 100vw, 411px\" \/><\/a>La formule CROISSANCE OPTIMALE pour chaton offre une nutrition avanc\u00e9e qui facilite grandement la transition vers la nourriture s\u00e8che durant la p\u00e9riode de sevrage avec le lait maternel. Les mini-croquettes sont parfaitement adapt\u00e9es aux plus petites dents de b\u00e9b\u00e9. Cette formule compl\u00e8te \u00e0 base de morue fra\u00eeche comme 1er ingr\u00e9dient, menhaden et saumon est la solution id\u00e9ale pour les chatons qui ne dig\u00e8rent pas le poulet, ont l\u2019estomac sensible, ou pr\u00e9f\u00e8rent le go\u00fbt riche du poisson ! Cette formule sp\u00e9cialis\u00e9e, hautement prot\u00e9in\u00e9e est unique sur le march\u00e9 et saura combler tous les petits chatons carnivores !<\/p>\n<p>&nbsp;<\/p>\n<p><a href=\"https:\/\/petmobile.ca\/wp-content\/uploads\/2021\/05\/Icon1-1.png\"><img decoding=\"async\" class=\"lazyload aligncenter wp-image-40741\" src=\"https:\/\/petmobile.ca\/wp-content\/uploads\/2021\/05\/Icon1-1.png\" data-orig-src=\"https:\/\/petmobile.ca\/wp-content\/uploads\/2021\/05\/Icon1-1.png\" alt=\"\" width=\"132\" height=\"131\" srcset=\"data:image\/svg+xml,%3Csvg%20xmlns%3D%27http%3A%2F%2Fwww.w3.org%2F2000%2Fsvg%27%20width%3D%27132%27%20height%3D%27131%27%20viewBox%3D%270%200%20132%20131%27%3E%3Crect%20width%3D%27132%27%20height%3D%27131%27%20fill-opacity%3D%220%22%2F%3E%3C%2Fsvg%3E\" data-srcset=\"https:\/\/petmobile.ca\/wp-content\/uploads\/2021\/05\/Icon1-1-66x66.png 66w, https:\/\/petmobile.ca\/wp-content\/uploads\/2021\/05\/Icon1-1-100x100.png 100w, https:\/\/petmobile.ca\/wp-content\/uploads\/2021\/05\/Icon1-1-150x150.png 150w, https:\/\/petmobile.ca\/wp-content\/uploads\/2021\/05\/Icon1-1.png 196w\" data-sizes=\"auto\" data-orig-sizes=\"(max-width: 132px) 100vw, 132px\" \/><\/a><\/p>\n<h4 class=\"vertical-infos__header header header--is-smallest-size\" style=\"text-align: center;\">Expertise<\/h4>\n<p class=\"vertical-infos__paragraph\" style=\"text-align: center;\">\u00c9labor\u00e9e par nos experts en nutrition, chaque formule est parfaitement balanc\u00e9e et adapt\u00e9 \u00e0 la taille, le stade de vie et les besoins sp\u00e9cifiques de votre chat.<\/p>\n<p>&nbsp;<\/p>\n<p style=\"text-align: center;\"><a href=\"https:\/\/petmobile.ca\/wp-content\/uploads\/2021\/05\/Icon2.png\"><img decoding=\"async\" class=\"lazyload wp-image-40775 aligncenter\" src=\"https:\/\/petmobile.ca\/wp-content\/uploads\/2021\/05\/Icon2.png\" data-orig-src=\"https:\/\/petmobile.ca\/wp-content\/uploads\/2021\/05\/Icon2.png\" alt=\"\" width=\"146\" height=\"145\" srcset=\"data:image\/svg+xml,%3Csvg%20xmlns%3D%27http%3A%2F%2Fwww.w3.org%2F2000%2Fsvg%27%20width%3D%27146%27%20height%3D%27145%27%20viewBox%3D%270%200%20146%20145%27%3E%3Crect%20width%3D%27146%27%20height%3D%27145%27%20fill-opacity%3D%220%22%2F%3E%3C%2Fsvg%3E\" data-srcset=\"https:\/\/petmobile.ca\/wp-content\/uploads\/2021\/05\/Icon2-66x66.png 66w, https:\/\/petmobile.ca\/wp-content\/uploads\/2021\/05\/Icon2-100x100.png 100w, https:\/\/petmobile.ca\/wp-content\/uploads\/2021\/05\/Icon2-150x150.png 150w, https:\/\/petmobile.ca\/wp-content\/uploads\/2021\/05\/Icon2.png 200w\" data-sizes=\"auto\" data-orig-sizes=\"(max-width: 146px) 100vw, 146px\" \/><\/a><\/p>\n<h4 class=\"vertical-infos__header header header--is-smallest-size\" style=\"text-align: center;\">ADH+<\/h4>\n<p style=\"text-align: center;\">Cette formule contient des ingr\u00e9dients riches en ADH (acides gras om\u00e9ga-3) pour favoriser le d\u00e9veloppement normal du cerveau, de la vue et des autres organes. Ils contribuent \u00e9galement \u00e0 maintenir la qualit\u00e9 du pelage et une peau en sant\u00e9.<\/p>\n<p>&nbsp;<\/p>\n<p style=\"text-align: center;\"><a href=\"https:\/\/petmobile.ca\/wp-content\/uploads\/2021\/05\/Icon3.png\"><img decoding=\"async\" class=\"lazyload aligncenter wp-image-40777\" src=\"https:\/\/petmobile.ca\/wp-content\/uploads\/2021\/05\/Icon3.png\" data-orig-src=\"https:\/\/petmobile.ca\/wp-content\/uploads\/2021\/05\/Icon3.png\" alt=\"\" width=\"149\" height=\"147\" srcset=\"data:image\/svg+xml,%3Csvg%20xmlns%3D%27http%3A%2F%2Fwww.w3.org%2F2000%2Fsvg%27%20width%3D%27149%27%20height%3D%27147%27%20viewBox%3D%270%200%20149%20147%27%3E%3Crect%20width%3D%27149%27%20height%3D%27147%27%20fill-opacity%3D%220%22%2F%3E%3C%2Fsvg%3E\" data-srcset=\"https:\/\/petmobile.ca\/wp-content\/uploads\/2021\/05\/Icon3-66x66.png 66w, https:\/\/petmobile.ca\/wp-content\/uploads\/2021\/05\/Icon3-100x100.png 100w, https:\/\/petmobile.ca\/wp-content\/uploads\/2021\/05\/Icon3.png 197w\" data-sizes=\"auto\" data-orig-sizes=\"(max-width: 149px) 100vw, 149px\" \/><\/a><\/p>\n<h4 class=\"vertical-infos__header header header--is-smallest-size\" style=\"text-align: center;\">Sans poulet | Sans grains | Sans gluten<\/h4>\n<p style=\"text-align: center;\">Formul\u00e9e \u00e0 partir d\u2019ingr\u00e9dients savoureux, nutritifs et peu allerg\u00e8nes, cette nourriture est facile \u00e0 dig\u00e9rer et optimale pour des chatons qui ont des sensibilit\u00e9s ou des intol\u00e9rances alimentaires telles qu'au poulet. Elle est sans grains, sans gluten et faite \u00e0 partir d\u2019une source unique de prot\u00e9ine animale provenant d\u2019une vari\u00e9t\u00e9 de poissons.<\/p>\n<p>&nbsp;<\/p>\n<p style=\"text-align: center;\"><div class=\"accordian fusion-accordian\" style=\"--awb-border-size:1px;--awb-icon-size:13px;--awb-content-font-size:15px;--awb-icon-alignment:left;--awb-hover-color:#f9f9f9;--awb-border-color:#cccccc;--awb-background-color:#ffffff;--awb-divider-color:#eaeaea;--awb-divider-hover-color:#eaeaea;--awb-icon-color:#ffffff;--awb-title-color:#2b2e32;--awb-content-color:#494949;--awb-icon-box-color:#333333;--awb-toggle-hover-accent-color:#47a6ba;--awb-title-font-family:&quot;Roboto&quot;;--awb-title-font-weight:700;--awb-title-font-style:normal;--awb-content-font-family:&quot;Roboto&quot;;--awb-content-font-style:normal;--awb-content-font-weight:400;\"><div class=\"panel-group fusion-toggle-icon-boxed\" id=\"accordion-40736-1\"><\/div><\/div><div class=\"fusion-panel panel-default panel-1116dc99015bafa29 fusion-toggle-has-divider\"><div class=\"panel-heading\"><h4 class=\"panel-title toggle\" id=\"toggle_1116dc99015bafa29\"><a aria-expanded=\"false\" aria-controls=\"1116dc99015bafa29\" role=\"button\" data-toggle=\"collapse\" data-parent=\"#accordion-40736-2\" data-target=\"#1116dc99015bafa29\" href=\"#1116dc99015bafa29\"><span class=\"fusion-toggle-icon-wrapper\" aria-hidden=\"true\"><i class=\"fa-fusion-box active-icon awb-icon-minus\" aria-hidden=\"true\"><\/i><i class=\"fa-fusion-box inactive-icon awb-icon-plus\" aria-hidden=\"true\"><\/i><\/span><span class=\"fusion-toggle-heading\">Rations Quotidiennes<\/span><\/a><\/h4><\/div><div id=\"1116dc99015bafa29\" class=\"panel-collapse collapse \" aria-labelledby=\"toggle_1116dc99015bafa29\"><div class=\"panel-body toggle-content fusion-clearfix\"><\/p>\n<p style=\"text-align: center;\"><a href=\"https:\/\/petmobile.ca\/wp-content\/uploads\/2021\/05\/FeedingG.png\"><img decoding=\"async\" class=\"lazyload aligncenter size-full wp-image-40779\" src=\"https:\/\/petmobile.ca\/wp-content\/uploads\/2021\/05\/FeedingG.png\" data-orig-src=\"https:\/\/petmobile.ca\/wp-content\/uploads\/2021\/05\/FeedingG.png\" alt=\"\" width=\"969\" height=\"756\" srcset=\"data:image\/svg+xml,%3Csvg%20xmlns%3D%27http%3A%2F%2Fwww.w3.org%2F2000%2Fsvg%27%20width%3D%27969%27%20height%3D%27756%27%20viewBox%3D%270%200%20969%20756%27%3E%3Crect%20width%3D%27969%27%20height%3D%27756%27%20fill-opacity%3D%220%22%2F%3E%3C%2Fsvg%3E\" data-srcset=\"https:\/\/petmobile.ca\/wp-content\/uploads\/2021\/05\/FeedingG-200x156.png 200w, https:\/\/petmobile.ca\/wp-content\/uploads\/2021\/05\/FeedingG-300x234.png 300w, https:\/\/petmobile.ca\/wp-content\/uploads\/2021\/05\/FeedingG-400x312.png 400w, https:\/\/petmobile.ca\/wp-content\/uploads\/2021\/05\/FeedingG-600x468.png 600w, https:\/\/petmobile.ca\/wp-content\/uploads\/2021\/05\/FeedingG-700x546.png 700w, https:\/\/petmobile.ca\/wp-content\/uploads\/2021\/05\/FeedingG-768x599.png 768w, https:\/\/petmobile.ca\/wp-content\/uploads\/2021\/05\/FeedingG-800x624.png 800w, https:\/\/petmobile.ca\/wp-content\/uploads\/2021\/05\/FeedingG.png 969w\" data-sizes=\"auto\" data-orig-sizes=\"(max-width: 969px) 100vw, 969px\" \/><\/a><\/p>\n<p style=\"text-align: center;\"><\/div><\/div><\/div><div class=\"fusion-panel panel-default panel-01b1c8448708e587a fusion-toggle-has-divider\"><div class=\"panel-heading\"><h4 class=\"panel-title toggle\" id=\"toggle_01b1c8448708e587a\"><a aria-expanded=\"false\" aria-controls=\"01b1c8448708e587a\" role=\"button\" data-toggle=\"collapse\" data-parent=\"#accordion-40736-2\" data-target=\"#01b1c8448708e587a\" href=\"#01b1c8448708e587a\"><span class=\"fusion-toggle-icon-wrapper\" aria-hidden=\"true\"><i class=\"fa-fusion-box active-icon awb-icon-minus\" aria-hidden=\"true\"><\/i><i class=\"fa-fusion-box inactive-icon awb-icon-plus\" aria-hidden=\"true\"><\/i><\/span><span class=\"fusion-toggle-heading\">Ingr\u00e9dients<\/span><\/a><\/h4><\/div><div id=\"01b1c8448708e587a\" class=\"panel-collapse collapse \" aria-labelledby=\"toggle_01b1c8448708e587a\"><div class=\"panel-body toggle-content fusion-clearfix\"><\/p>\n<p>Morue fra\u00eeche, farine de poisson menhaden (une source d\u2019ADH), pois, huile v\u00e9g\u00e9tale, lentilles, farine de saumon (une source d\u2019ADH), prot\u00e9ine de patate, graines de lin, pulpe d'agrumes s\u00e9ch\u00e9e, tapioca, saveur naturelle, l\u00e9cithine, chlorure de choline, fibre de pois, propionate de calcium (comme agent de conservation), bisulfate de sodium, taurine, sel, DL-m\u00e9thionine, sulfate ferreux, extrait de levure, extrait de chicor\u00e9e (une source d\u2019inuline), ac\u00e9tate d\u2019alpha-tocoph\u00e9rol (une source de vitamine E), oxyde de zinc, extrait de yucca schidigera, varech s\u00e9ch\u00e9, niacine, lactos\u00e9rum, oxyde manganeux, prot\u00e9inate de zinc, pantoth\u00e9nate de d-calcium, mononitrate de thiamine, riboflavine, chlorhydrate de pyridoxine, prot\u00e9inate de mangan\u00e8se, suppl\u00e9ment de vitamine A, chol\u00e9calcif\u00e9rol (une source de vitamine D<sub>3<\/sub>), biotine, s\u00e9l\u00e9nite de sodium, prot\u00e9inate de cuivre, poudre de luzerne, suppl\u00e9ment de vitamine B<sub>12<\/sub>, extrait de th\u00e9 vert, curcuma, gingembre s\u00e9ch\u00e9, menthe s\u00e9ch\u00e9e, persil s\u00e9ch\u00e9, ananas s\u00e9ch\u00e9, iodate de calcium, acide folique.<\/p>\n<p style=\"text-align: center;\"><\/div><\/div><\/div><div class=\"fusion-panel panel-default panel-4ab25b4a8b22dfa7d fusion-toggle-has-divider\"><div class=\"panel-heading\"><h4 class=\"panel-title toggle\" id=\"toggle_4ab25b4a8b22dfa7d\"><a aria-expanded=\"false\" aria-controls=\"4ab25b4a8b22dfa7d\" role=\"button\" data-toggle=\"collapse\" data-parent=\"#accordion-40736-2\" data-target=\"#4ab25b4a8b22dfa7d\" href=\"#4ab25b4a8b22dfa7d\"><span class=\"fusion-toggle-icon-wrapper\" aria-hidden=\"true\"><i class=\"fa-fusion-box active-icon awb-icon-minus\" aria-hidden=\"true\"><\/i><i class=\"fa-fusion-box inactive-icon awb-icon-plus\" aria-hidden=\"true\"><\/i><\/span><span class=\"fusion-toggle-heading\">Analyse Garantie<\/span><\/a><\/h4><\/div><div id=\"4ab25b4a8b22dfa7d\" class=\"panel-collapse collapse \" aria-labelledby=\"toggle_4ab25b4a8b22dfa7d\"><div class=\"panel-body toggle-content fusion-clearfix\"><\/p>\n<p>Prot\u00e9ines brutes 36 % minimum, mati\u00e8res grasses 20 % minimum, fibres brutes 4,5 % maximum, humidit\u00e9 10 % maximum, cendres 10 % maximum, acide docosah\u00e9xano\u00efque (ADH) 0,18 % minimum, calcium 1,3 % minimum, phosphore 1 % minimum, sodium 0,3 % minimum, magn\u00e9sium 0,13 % maximum, vitamine A 18\u00a0000\u00a0UI\/kg minimum, vitamine D<sub>3<\/sub>\u00a01\u00a0700 UI\/kg minimum, vitamine E 75 UI\/kg minimum.<\/p>\n<p><\/div><\/div><\/div><\/p>\n","protected":false},"excerpt":{"rendered":"<p>La formule CROISSANCE OPTIMALE pour chaton offre une nutrition avanc\u00e9e qui facilite grandement la transition vers la nourriture s\u00e8che durant<\/p>\n","protected":false},"featured_media":40667,"comment_status":"closed","ping_status":"closed","template":"","meta":[],"product_brand":[],"product_cat":[1092,1093,1094],"product_tag":[],"pa_animal":[],"pa_couleur":[],"pa_duration":[],"pa_format":[2690,2691],"pa_marque":[],"pa_type-de-produit":[],"class_list":{"0":"post-40736","1":"product","2":"type-product","3":"status-publish","4":"has-post-thumbnail","6":"product_cat-produits-pour-chat","7":"product_cat-chat-nourriture","8":"product_cat-chat-nourriture-seche","9":"pa_format-1-8kg-fr","10":"pa_format-4-54kg-fr","11":"has-subscription-plans","13":"first","14":"instock","15":"taxable","16":"shipping-taxable","17":"purchasable","18":"product-type-variable","19":"has-default-attributes"},"aioseo_notices":[],"_links":{"self":[{"href":"https:\/\/petmobile.ca\/fr\/wp-json\/wp\/v2\/product\/40736","targetHints":{"allow":["GET"]}}],"collection":[{"href":"https:\/\/petmobile.ca\/fr\/wp-json\/wp\/v2\/product"}],"about":[{"href":"https:\/\/petmobile.ca\/fr\/wp-json\/wp\/v2\/types\/product"}],"replies":[{"embeddable":true,"href":"https:\/\/petmobile.ca\/fr\/wp-json\/wp\/v2\/comments?post=40736"}],"wp:featuredmedia":[{"embeddable":true,"href":"https:\/\/petmobile.ca\/fr\/wp-json\/wp\/v2\/media\/40667"}],"wp:attachment":[{"href":"https:\/\/petmobile.ca\/fr\/wp-json\/wp\/v2\/media?parent=40736"}],"wp:term":[{"taxonomy":"product_brand","embeddable":true,"href":"https:\/\/petmobile.ca\/fr\/wp-json\/wp\/v2\/product_brand?post=40736"},{"taxonomy":"product_cat","embeddable":true,"href":"https:\/\/petmobile.ca\/fr\/wp-json\/wp\/v2\/product_cat?post=40736"},{"taxonomy":"product_tag","embeddable":true,"href":"https:\/\/petmobile.ca\/fr\/wp-json\/wp\/v2\/product_tag?post=40736"},{"taxonomy":"pa_animal","embeddable":true,"href":"https:\/\/petmobile.ca\/fr\/wp-json\/wp\/v2\/pa_animal?post=40736"},{"taxonomy":"pa_couleur","embeddable":true,"href":"https:\/\/petmobile.ca\/fr\/wp-json\/wp\/v2\/pa_couleur?post=40736"},{"taxonomy":"pa_duration","embeddable":true,"href":"https:\/\/petmobile.ca\/fr\/wp-json\/wp\/v2\/pa_duration?post=40736"},{"taxonomy":"pa_format","embeddable":true,"href":"https:\/\/petmobile.ca\/fr\/wp-json\/wp\/v2\/pa_format?post=40736"},{"taxonomy":"pa_marque","embeddable":true,"href":"https:\/\/petmobile.ca\/fr\/wp-json\/wp\/v2\/pa_marque?post=40736"},{"taxonomy":"pa_type-de-produit","embeddable":true,"href":"https:\/\/petmobile.ca\/fr\/wp-json\/wp\/v2\/pa_type-de-produit?post=40736"}],"curies":[{"name":"wp","href":"https:\/\/api.w.org\/{rel}","templated":true}]}}