{"id":40846,"date":"2021-05-17T11:27:12","date_gmt":"2021-05-17T16:28:24","guid":{"rendered":"https:\/\/petmobile.ca\/?post_type=product&#038;p=40846"},"modified":"2021-12-23T09:16:30","modified_gmt":"2021-12-23T14:16:30","slug":"kong-jouet-dentaire-avec-corde","status":"publish","type":"product","link":"https:\/\/petmobile.ca\/fr\/produit\/kong-jouet-dentaire-avec-corde\/","title":{"rendered":"KONG <br> Jouet dentaire avec corde"},"content":{"rendered":"<p>Le KONG Dental \u00e0 cordes est un jouet con\u00e7u pour satisfaire les besoins naturels de mastication du chien en ayant en plus l\u2019avantage de nettoyer les dents. Le KONG Dental \u00e0 cordes est fait du m\u00eame caoutchouc 100 % naturel que le KONG Classic rouge, ses rainures uniques offrent aux chiens un exutoire ad\u00e9quate \u00e0 leurs besoins de mastication tandis que la corde 100\u00a0%\u00a0naturelle pr\u00e9sente en plus l\u2019avantage de nettoyer les gencives et de polir les dents pendant qu\u2019ils se d\u00e9lectent de leur exp\u00e9rience de mastication compl\u00e8te. Vous voulez prolonger la s\u00e9ance de mastication de votre chien\u00a0? Vous voulez prolonger la s\u00e9ance de mastication de votre chien\u00a0? Remplissez le jouet avec des KONG Snacks\u2122 agr\u00e9ment\u00e9s d\u2019une dose de KONG Easy Treat\u2122. Proudly made in the USA (Fabriqu\u00e9 aux \u00c9tats-Unis. Mat\u00e9riaux de diverses origines avec fiert\u00e9)<\/p>\n<ul class=\"bullets\">\n<li>Les rainures Denta-Ridges\u2122 \u00e0 la conception unique nettoient les dents tout en offrant un exutoire au besoin de mastication du chien<\/li>\n<li>La corde\u00a0coton nettoie les dents tout en satisfaisant les instincts naturels<\/li>\n<li>Le caoutchouc r\u00e9sistant\u00a0naturel KONG Classic et la corde en coton offrent de nombreuses possibilit\u00e9s de m\u00e2chouillage<\/li>\n<li>Fabriqu\u00e9 aux \u00c9tats-Unis. Mat\u00e9riaux de diverses origines<\/li>\n<\/ul>\n","protected":false},"excerpt":{"rendered":"<p>Le KONG Dental \u00e0 cordes est un jouet con\u00e7u pour satisfaire les besoins naturels de mastication du chien en ayant<\/p>\n","protected":false},"featured_media":40845,"comment_status":"closed","ping_status":"closed","template":"","meta":[],"product_brand":[],"product_cat":[1117,1109,1120],"product_tag":[],"pa_animal":[1848],"pa_couleur":[2228],"pa_duration":[],"pa_format":[],"pa_marque":[2123],"pa_type-de-produit":[2440],"class_list":{"0":"post-40846","1":"product","2":"type-product","3":"status-publish","4":"has-post-thumbnail","6":"product_cat-chien-accessoires","7":"product_cat-nourriture-et-produits-pour-chien","8":"product_cat-chien-accessoires-jouets","9":"pa_animal-chien","10":"pa_couleur-rouge","11":"pa_marque-kong-fr","12":"pa_type-de-produit-jouet","13":"has-subscription-plans","15":"first","16":"instock","17":"taxable","18":"shipping-taxable","19":"purchasable","20":"product-type-simple"},"aioseo_notices":[],"_links":{"self":[{"href":"https:\/\/petmobile.ca\/fr\/wp-json\/wp\/v2\/product\/40846","targetHints":{"allow":["GET"]}}],"collection":[{"href":"https:\/\/petmobile.ca\/fr\/wp-json\/wp\/v2\/product"}],"about":[{"href":"https:\/\/petmobile.ca\/fr\/wp-json\/wp\/v2\/types\/product"}],"replies":[{"embeddable":true,"href":"https:\/\/petmobile.ca\/fr\/wp-json\/wp\/v2\/comments?post=40846"}],"wp:featuredmedia":[{"embeddable":true,"href":"https:\/\/petmobile.ca\/fr\/wp-json\/wp\/v2\/media\/40845"}],"wp:attachment":[{"href":"https:\/\/petmobile.ca\/fr\/wp-json\/wp\/v2\/media?parent=40846"}],"wp:term":[{"taxonomy":"product_brand","embeddable":true,"href":"https:\/\/petmobile.ca\/fr\/wp-json\/wp\/v2\/product_brand?post=40846"},{"taxonomy":"product_cat","embeddable":true,"href":"https:\/\/petmobile.ca\/fr\/wp-json\/wp\/v2\/product_cat?post=40846"},{"taxonomy":"product_tag","embeddable":true,"href":"https:\/\/petmobile.ca\/fr\/wp-json\/wp\/v2\/product_tag?post=40846"},{"taxonomy":"pa_animal","embeddable":true,"href":"https:\/\/petmobile.ca\/fr\/wp-json\/wp\/v2\/pa_animal?post=40846"},{"taxonomy":"pa_couleur","embeddable":true,"href":"https:\/\/petmobile.ca\/fr\/wp-json\/wp\/v2\/pa_couleur?post=40846"},{"taxonomy":"pa_duration","embeddable":true,"href":"https:\/\/petmobile.ca\/fr\/wp-json\/wp\/v2\/pa_duration?post=40846"},{"taxonomy":"pa_format","embeddable":true,"href":"https:\/\/petmobile.ca\/fr\/wp-json\/wp\/v2\/pa_format?post=40846"},{"taxonomy":"pa_marque","embeddable":true,"href":"https:\/\/petmobile.ca\/fr\/wp-json\/wp\/v2\/pa_marque?post=40846"},{"taxonomy":"pa_type-de-produit","embeddable":true,"href":"https:\/\/petmobile.ca\/fr\/wp-json\/wp\/v2\/pa_type-de-produit?post=40846"}],"curies":[{"name":"wp","href":"https:\/\/api.w.org\/{rel}","templated":true}]}}