{"id":41158,"date":"2021-06-12T12:43:59","date_gmt":"2021-06-12T17:45:20","guid":{"rendered":"https:\/\/petmobile.ca\/?post_type=product&#038;p=41158"},"modified":"2021-12-23T09:15:34","modified_gmt":"2021-12-23T14:15:34","slug":"zanimo-anti-grignotage","status":"publish","type":"product","link":"https:\/\/petmobile.ca\/fr\/produit\/zanimo-anti-grignotage\/","title":{"rendered":"Zanimo <br> Anti-Grignotage"},"content":{"rendered":"<p>Vaporisateur NON-TOXIQUE<\/p>\n<hr \/>\n<blockquote>\n<ul>\n<li><strong>Dissuasif pour les animaux qui m\u00e2chouillent souliers, coussins, fils, etc.<\/strong><\/li>\n<li><strong>Go\u00fbt amer mais non toxique<\/strong><\/li>\n<li><strong>Produit incolore et inodore<\/strong><\/li>\n<li><strong>Ne tache pas et se lave facilement<br \/>\n<\/strong><\/li>\n<\/ul>\n<\/blockquote>\n<hr \/>\n<p>PROGRAMME\u00a0pour chien et chat<br \/>\nCe vaporisateur incolore et inodore aide \u00e0 dissuader le chien et le chat de mordre, ronger, m\u00e2chouiller tapis, chaussures, divan, fils de t\u00e9l\u00e9phone etc. Ce produit a un go\u00fbt d\u00e9sagr\u00e9able mais non toxique.<\/p>\n<p>MODE D'EMPLOI:\u00a0Appliquer sur tous les endroits et surfaces \u00e0 prot\u00e9ger. Ne tache pas et se lave facilement.<\/p>\n<hr \/>\n<p><strong>Ingr\u00e9dients :\u00a0<\/strong>Eau, Citric acid, Denatonium benzoate, extrait de Citrus grandis (pamplemousse), Glycerine, Sodium benzoate.<\/p>\n<hr \/>\n<pre><strong><em>Pr\u00e9cautions:\u00a0<\/em><\/strong><em>Ne pas appliquer sur la peau de votre animal. <\/em><strong><em>Tenir hors de la port\u00e9e des enfants.<\/em><\/strong><\/pre>\n","protected":false},"excerpt":{"rendered":"<p>Vaporisateur NON-TOXIQUE Dissuasif pour les animaux qui m\u00e2chouillent souliers, coussins, fils, etc. Go\u00fbt amer mais non toxique Produit incolore et<\/p>\n","protected":false},"featured_media":41157,"comment_status":"closed","ping_status":"closed","template":"","meta":[],"product_brand":[],"product_cat":[1092,1109,2305,1122,2313],"product_tag":[],"pa_animal":[1847,1848],"pa_couleur":[],"pa_duration":[],"pa_format":[2699],"pa_marque":[],"pa_type-de-produit":[],"class_list":{"0":"post-41158","1":"product","2":"type-product","3":"status-publish","4":"has-post-thumbnail","6":"product_cat-produits-pour-chat","7":"product_cat-nourriture-et-produits-pour-chien","8":"product_cat-chien-proprete-entrainement-et-comportement","9":"product_cat-chien-proprete","10":"product_cat-soins-chat","11":"pa_animal-chat","12":"pa_animal-chien","13":"pa_format-125ml-fr","14":"has-subscription-plans","16":"first","17":"instock","18":"taxable","19":"shipping-taxable","20":"purchasable","21":"product-type-simple"},"aioseo_notices":[],"_links":{"self":[{"href":"https:\/\/petmobile.ca\/fr\/wp-json\/wp\/v2\/product\/41158","targetHints":{"allow":["GET"]}}],"collection":[{"href":"https:\/\/petmobile.ca\/fr\/wp-json\/wp\/v2\/product"}],"about":[{"href":"https:\/\/petmobile.ca\/fr\/wp-json\/wp\/v2\/types\/product"}],"replies":[{"embeddable":true,"href":"https:\/\/petmobile.ca\/fr\/wp-json\/wp\/v2\/comments?post=41158"}],"wp:featuredmedia":[{"embeddable":true,"href":"https:\/\/petmobile.ca\/fr\/wp-json\/wp\/v2\/media\/41157"}],"wp:attachment":[{"href":"https:\/\/petmobile.ca\/fr\/wp-json\/wp\/v2\/media?parent=41158"}],"wp:term":[{"taxonomy":"product_brand","embeddable":true,"href":"https:\/\/petmobile.ca\/fr\/wp-json\/wp\/v2\/product_brand?post=41158"},{"taxonomy":"product_cat","embeddable":true,"href":"https:\/\/petmobile.ca\/fr\/wp-json\/wp\/v2\/product_cat?post=41158"},{"taxonomy":"product_tag","embeddable":true,"href":"https:\/\/petmobile.ca\/fr\/wp-json\/wp\/v2\/product_tag?post=41158"},{"taxonomy":"pa_animal","embeddable":true,"href":"https:\/\/petmobile.ca\/fr\/wp-json\/wp\/v2\/pa_animal?post=41158"},{"taxonomy":"pa_couleur","embeddable":true,"href":"https:\/\/petmobile.ca\/fr\/wp-json\/wp\/v2\/pa_couleur?post=41158"},{"taxonomy":"pa_duration","embeddable":true,"href":"https:\/\/petmobile.ca\/fr\/wp-json\/wp\/v2\/pa_duration?post=41158"},{"taxonomy":"pa_format","embeddable":true,"href":"https:\/\/petmobile.ca\/fr\/wp-json\/wp\/v2\/pa_format?post=41158"},{"taxonomy":"pa_marque","embeddable":true,"href":"https:\/\/petmobile.ca\/fr\/wp-json\/wp\/v2\/pa_marque?post=41158"},{"taxonomy":"pa_type-de-produit","embeddable":true,"href":"https:\/\/petmobile.ca\/fr\/wp-json\/wp\/v2\/pa_type-de-produit?post=41158"}],"curies":[{"name":"wp","href":"https:\/\/api.w.org\/{rel}","templated":true}]}}