{"id":41182,"date":"2021-06-14T15:22:39","date_gmt":"2021-06-14T20:24:07","guid":{"rendered":"https:\/\/petmobile.ca\/?post_type=product&#038;p=41182"},"modified":"2021-12-23T09:13:39","modified_gmt":"2021-12-23T14:13:39","slug":"zanimo-baume-reconfortant","status":"publish","type":"product","link":"https:\/\/petmobile.ca\/fr\/produit\/zanimo-baume-reconfortant\/","title":{"rendered":"Zanimo <br> Baume R\u00e9confortant"},"content":{"rendered":"<p>PROTECTEUR\u00a0et cicatrisant<\/p>\n<hr \/>\n<blockquote>\n<ul>\n<li><strong>\u00c9gratignures ou \u00e9raflures<\/strong><\/li>\n<li><strong>Blessures mineures de la peau<\/strong><\/li>\n<li><strong>Prot\u00e8ge la peau et agit rapidement<\/strong><\/li>\n<li><strong>M\u00e9lange exclusif d\u2019huiles essentielles<br \/>\n<\/strong><\/li>\n<\/ul>\n<\/blockquote>\n<hr \/>\n<p>PROGRAMME\u00a0pour chien et chat<br \/>\nNotre Baume r\u00e9confortant agit rapidement sur les \u00e9raflures, \u00e9gratignures ou les blessures mineures de la peau de votre animal. L\u2019odeur de notre m\u00e9lange exclusif d\u2019huiles essentielles saura vous plaire.<\/p>\n<hr \/>\n<p>MODE D'EMPLOI:\u00a0Appliquer une petite quantit\u00e9 sur la zone concern\u00e9e matin et soir sur une peau propre et s\u00e8che durant 3 \u00e0 5 jours. Ce baume peut s\u2019utiliser aussi bien \u00e0 l\u2019air libre que sous pansement.<\/p>\n<pre class=\"p2\">Avec <strong>beurre de karit\u00e9<\/strong> et <strong>cire d\u2019abeille<\/strong>.<\/pre>\n<hr \/>\n<p><strong>Ingr\u00e9dients :\u00a0<\/strong>Beurre Butyrospermum Parkii (Karit\u00e9), Huile de Graine Vitis Vinifera (Raisin), Cire d'Abeille, Silice, Huile Cocos Nucifera (Noix de Coco), Huile de Canola, Oxyde de Zinc, Argile Verte, Amidon de Ma\u00efs Zea Mays, Kaolin, Huile Rosa Canina (Rose Musqu\u00e9e), Argania Spinosa (Argan) Kernel Oil, Stearic Acid, Calendula Officinalis Oil, Tocopherol, Ac\u00e9tate, Propolis Cera, Gaultheria Procumbens (wintergreen) Oil Oil, Tanacetum annum (Chamomile) Oil, Lavandula Angustifolia (Lavender) Oil, Rosmarinus Officinalis (Rosemary) Oil, Huile de bourgeon Syzygium Aromaticum (clou de girofle), extrait de romarin.<\/p>\n<hr \/>\n<pre><strong><em>Pr\u00e9cautions:\u00a0<\/em><\/strong><strong><em>Tenir hors de la port\u00e9e des enfants.<\/em><\/strong><\/pre>\n","protected":false},"excerpt":{"rendered":"<p>PROTECTEUR\u00a0et cicatrisant \u00c9gratignures ou \u00e9raflures Blessures mineures de la peau Prot\u00e8ge la peau et agit rapidement M\u00e9lange exclusif d\u2019huiles essentielles<\/p>\n","protected":false},"featured_media":41181,"comment_status":"closed","ping_status":"closed","template":"","meta":[],"product_brand":[],"product_cat":[1092,1109,2290,2313,1780],"product_tag":[],"pa_animal":[1847,1848],"pa_couleur":[],"pa_duration":[],"pa_format":[2701],"pa_marque":[],"pa_type-de-produit":[],"class_list":{"0":"post-41182","1":"product","2":"type-product","3":"status-publish","4":"has-post-thumbnail","6":"product_cat-produits-pour-chat","7":"product_cat-nourriture-et-produits-pour-chien","8":"product_cat-chien-soins","9":"product_cat-soins-chat","10":"product_cat-traitement-chat","11":"pa_animal-chat","12":"pa_animal-chien","13":"pa_format-50ml-fr","14":"has-subscription-plans","16":"first","17":"instock","18":"taxable","19":"shipping-taxable","20":"purchasable","21":"product-type-simple"},"aioseo_notices":[],"_links":{"self":[{"href":"https:\/\/petmobile.ca\/fr\/wp-json\/wp\/v2\/product\/41182","targetHints":{"allow":["GET"]}}],"collection":[{"href":"https:\/\/petmobile.ca\/fr\/wp-json\/wp\/v2\/product"}],"about":[{"href":"https:\/\/petmobile.ca\/fr\/wp-json\/wp\/v2\/types\/product"}],"replies":[{"embeddable":true,"href":"https:\/\/petmobile.ca\/fr\/wp-json\/wp\/v2\/comments?post=41182"}],"wp:featuredmedia":[{"embeddable":true,"href":"https:\/\/petmobile.ca\/fr\/wp-json\/wp\/v2\/media\/41181"}],"wp:attachment":[{"href":"https:\/\/petmobile.ca\/fr\/wp-json\/wp\/v2\/media?parent=41182"}],"wp:term":[{"taxonomy":"product_brand","embeddable":true,"href":"https:\/\/petmobile.ca\/fr\/wp-json\/wp\/v2\/product_brand?post=41182"},{"taxonomy":"product_cat","embeddable":true,"href":"https:\/\/petmobile.ca\/fr\/wp-json\/wp\/v2\/product_cat?post=41182"},{"taxonomy":"product_tag","embeddable":true,"href":"https:\/\/petmobile.ca\/fr\/wp-json\/wp\/v2\/product_tag?post=41182"},{"taxonomy":"pa_animal","embeddable":true,"href":"https:\/\/petmobile.ca\/fr\/wp-json\/wp\/v2\/pa_animal?post=41182"},{"taxonomy":"pa_couleur","embeddable":true,"href":"https:\/\/petmobile.ca\/fr\/wp-json\/wp\/v2\/pa_couleur?post=41182"},{"taxonomy":"pa_duration","embeddable":true,"href":"https:\/\/petmobile.ca\/fr\/wp-json\/wp\/v2\/pa_duration?post=41182"},{"taxonomy":"pa_format","embeddable":true,"href":"https:\/\/petmobile.ca\/fr\/wp-json\/wp\/v2\/pa_format?post=41182"},{"taxonomy":"pa_marque","embeddable":true,"href":"https:\/\/petmobile.ca\/fr\/wp-json\/wp\/v2\/pa_marque?post=41182"},{"taxonomy":"pa_type-de-produit","embeddable":true,"href":"https:\/\/petmobile.ca\/fr\/wp-json\/wp\/v2\/pa_type-de-produit?post=41182"}],"curies":[{"name":"wp","href":"https:\/\/api.w.org\/{rel}","templated":true}]}}