{"id":41298,"date":"2021-06-25T14:53:59","date_gmt":"2021-06-25T19:55:11","guid":{"rendered":"https:\/\/petmobile.ca\/?post_type=product&#038;p=41298"},"modified":"2023-09-21T14:10:33","modified_gmt":"2023-09-21T18:10:33","slug":"kong-shakers-elephant-luvs","status":"publish","type":"product","link":"https:\/\/petmobile.ca\/fr\/produit\/kong-shakers-elephant-luvs\/","title":{"rendered":"Kong <br> Sharkers Luv Elephant"},"content":{"rendered":"<ul class=\"bullets\">\n<li>Corps ultra-long pour encore plus de plaisir en le secouant<\/li>\n<li>Le couineur invite au jeu<\/li>\n<li>Con\u00e7u pour lancer, aller chercher et rapporter<\/li>\n<\/ul>\n<p>Le KONG Shakers\u00a0Luv\u2019s a un corps de forme allong\u00e9e avec des bras grands ouverts pour s\u2019\u00e9battre pendant les parties de tirer, lancer en l\u2019air et aller chercher. Son corps allong\u00e9 fait durer le plaisir et en fait le jouet id\u00e9al \u00e0 secouer et retourner dans tous les sens, pendant que son couinement \u00e0 son grave \u00e9veille les instincts naturels et prolonge le jeu.<\/p>\n","protected":false},"excerpt":{"rendered":"<p>Corps ultra-long pour encore plus de plaisir en le secouant Le couineur invite au jeu Con\u00e7u pour lancer, aller chercher<\/p>\n","protected":false},"featured_media":41297,"comment_status":"closed","ping_status":"closed","template":"","meta":[],"product_brand":[],"product_cat":[1117,1109,1120],"product_tag":[],"pa_animal":[1848,2101],"pa_couleur":[],"pa_duration":[],"pa_format":[2097],"pa_marque":[2123],"pa_type-de-produit":[2440],"class_list":{"0":"post-41298","1":"product","2":"type-product","3":"status-publish","4":"has-post-thumbnail","6":"product_cat-chien-accessoires","7":"product_cat-nourriture-et-produits-pour-chien","8":"product_cat-chien-accessoires-jouets","9":"pa_animal-chien","10":"pa_animal-chiot-fr","11":"pa_format-grand-fr","12":"pa_marque-kong-fr","13":"pa_type-de-produit-jouet","14":"has-subscription-plans","16":"first","17":"instock","18":"taxable","19":"shipping-taxable","20":"purchasable","21":"product-type-simple"},"aioseo_notices":[],"_links":{"self":[{"href":"https:\/\/petmobile.ca\/fr\/wp-json\/wp\/v2\/product\/41298","targetHints":{"allow":["GET"]}}],"collection":[{"href":"https:\/\/petmobile.ca\/fr\/wp-json\/wp\/v2\/product"}],"about":[{"href":"https:\/\/petmobile.ca\/fr\/wp-json\/wp\/v2\/types\/product"}],"replies":[{"embeddable":true,"href":"https:\/\/petmobile.ca\/fr\/wp-json\/wp\/v2\/comments?post=41298"}],"wp:featuredmedia":[{"embeddable":true,"href":"https:\/\/petmobile.ca\/fr\/wp-json\/wp\/v2\/media\/41297"}],"wp:attachment":[{"href":"https:\/\/petmobile.ca\/fr\/wp-json\/wp\/v2\/media?parent=41298"}],"wp:term":[{"taxonomy":"product_brand","embeddable":true,"href":"https:\/\/petmobile.ca\/fr\/wp-json\/wp\/v2\/product_brand?post=41298"},{"taxonomy":"product_cat","embeddable":true,"href":"https:\/\/petmobile.ca\/fr\/wp-json\/wp\/v2\/product_cat?post=41298"},{"taxonomy":"product_tag","embeddable":true,"href":"https:\/\/petmobile.ca\/fr\/wp-json\/wp\/v2\/product_tag?post=41298"},{"taxonomy":"pa_animal","embeddable":true,"href":"https:\/\/petmobile.ca\/fr\/wp-json\/wp\/v2\/pa_animal?post=41298"},{"taxonomy":"pa_couleur","embeddable":true,"href":"https:\/\/petmobile.ca\/fr\/wp-json\/wp\/v2\/pa_couleur?post=41298"},{"taxonomy":"pa_duration","embeddable":true,"href":"https:\/\/petmobile.ca\/fr\/wp-json\/wp\/v2\/pa_duration?post=41298"},{"taxonomy":"pa_format","embeddable":true,"href":"https:\/\/petmobile.ca\/fr\/wp-json\/wp\/v2\/pa_format?post=41298"},{"taxonomy":"pa_marque","embeddable":true,"href":"https:\/\/petmobile.ca\/fr\/wp-json\/wp\/v2\/pa_marque?post=41298"},{"taxonomy":"pa_type-de-produit","embeddable":true,"href":"https:\/\/petmobile.ca\/fr\/wp-json\/wp\/v2\/pa_type-de-produit?post=41298"}],"curies":[{"name":"wp","href":"https:\/\/api.w.org\/{rel}","templated":true}]}}