{"id":62947,"date":"2022-05-31T15:30:21","date_gmt":"2022-05-31T20:32:16","guid":{"rendered":"https:\/\/petmobile.ca\/?post_type=product&#038;p=62947"},"modified":"2022-05-31T15:32:18","modified_gmt":"2022-05-31T20:32:18","slug":"hunter-outil-pour-la-mue","status":"publish","type":"product","link":"https:\/\/petmobile.ca\/fr\/produit\/hunter-outil-pour-la-mue\/","title":{"rendered":"HUNTER Outil pour la mue"},"content":{"rendered":"<p>Outil pour la mue, dents serr\u00e9es d'un c\u00f4t\u00e9, dents espac\u00e9es de l'autre.<\/p>\n","protected":false},"excerpt":{"rendered":"<p>Outil pour la mue, dents serr\u00e9es d&rsquo;un c\u00f4t\u00e9, dents espac\u00e9es de l&rsquo;autre.<\/p>\n","protected":false},"featured_media":62946,"comment_status":"closed","ping_status":"closed","template":"","meta":[],"product_brand":[],"product_cat":[1097,1117,1109,1098,1122,1108,2301,2370],"product_tag":[2408],"pa_animal":[1847,1848],"pa_couleur":[],"pa_duration":[],"pa_format":[],"pa_marque":[],"pa_type-de-produit":[],"class_list":{"0":"post-62947","1":"product","2":"type-product","3":"status-publish","4":"has-post-thumbnail","6":"product_cat-chat-accessoires","7":"product_cat-chien-accessoires","8":"product_cat-nourriture-et-produits-pour-chien","9":"product_cat-chat-proprete","10":"product_cat-chien-proprete","11":"product_cat-chat-proprete-brosses","12":"product_cat-chien-proprete-brossesetaccesoires","13":"product_cat-chien-toilettage1","14":"product_tag-hunter-fr","15":"pa_animal-chat","16":"pa_animal-chien","17":"has-subscription-plans","19":"first","20":"instock","21":"taxable","22":"shipping-taxable","23":"purchasable","24":"product-type-simple"},"aioseo_notices":[],"_links":{"self":[{"href":"https:\/\/petmobile.ca\/fr\/wp-json\/wp\/v2\/product\/62947","targetHints":{"allow":["GET"]}}],"collection":[{"href":"https:\/\/petmobile.ca\/fr\/wp-json\/wp\/v2\/product"}],"about":[{"href":"https:\/\/petmobile.ca\/fr\/wp-json\/wp\/v2\/types\/product"}],"replies":[{"embeddable":true,"href":"https:\/\/petmobile.ca\/fr\/wp-json\/wp\/v2\/comments?post=62947"}],"wp:featuredmedia":[{"embeddable":true,"href":"https:\/\/petmobile.ca\/fr\/wp-json\/wp\/v2\/media\/62946"}],"wp:attachment":[{"href":"https:\/\/petmobile.ca\/fr\/wp-json\/wp\/v2\/media?parent=62947"}],"wp:term":[{"taxonomy":"product_brand","embeddable":true,"href":"https:\/\/petmobile.ca\/fr\/wp-json\/wp\/v2\/product_brand?post=62947"},{"taxonomy":"product_cat","embeddable":true,"href":"https:\/\/petmobile.ca\/fr\/wp-json\/wp\/v2\/product_cat?post=62947"},{"taxonomy":"product_tag","embeddable":true,"href":"https:\/\/petmobile.ca\/fr\/wp-json\/wp\/v2\/product_tag?post=62947"},{"taxonomy":"pa_animal","embeddable":true,"href":"https:\/\/petmobile.ca\/fr\/wp-json\/wp\/v2\/pa_animal?post=62947"},{"taxonomy":"pa_couleur","embeddable":true,"href":"https:\/\/petmobile.ca\/fr\/wp-json\/wp\/v2\/pa_couleur?post=62947"},{"taxonomy":"pa_duration","embeddable":true,"href":"https:\/\/petmobile.ca\/fr\/wp-json\/wp\/v2\/pa_duration?post=62947"},{"taxonomy":"pa_format","embeddable":true,"href":"https:\/\/petmobile.ca\/fr\/wp-json\/wp\/v2\/pa_format?post=62947"},{"taxonomy":"pa_marque","embeddable":true,"href":"https:\/\/petmobile.ca\/fr\/wp-json\/wp\/v2\/pa_marque?post=62947"},{"taxonomy":"pa_type-de-produit","embeddable":true,"href":"https:\/\/petmobile.ca\/fr\/wp-json\/wp\/v2\/pa_type-de-produit?post=62947"}],"curies":[{"name":"wp","href":"https:\/\/api.w.org\/{rel}","templated":true}]}}