{"id":63105,"date":"2022-06-07T15:21:23","date_gmt":"2022-06-07T20:25:22","guid":{"rendered":"https:\/\/petmobile.ca\/?post_type=product&#038;p=63105"},"modified":"2022-06-07T15:25:23","modified_gmt":"2022-06-07T20:25:23","slug":"petsafe-elephunk-dispenseur-de-gateries","status":"publish","type":"product","link":"https:\/\/petmobile.ca\/fr\/produit\/petsafe-elephunk-dispenseur-de-gateries\/","title":{"rendered":"PETSAFE &#8211; Elephunk dispenseur de g\u00e2teries"},"content":{"rendered":"<ul class=\"a-unordered-list a-vertical a-spacing-mini\">\n<li><span class=\"a-list-item\">Caoutchouc durable : d\u00e9couvrez le d\u00e9sir de votre chien de poursuivre et de d\u00e9fier son esprit avec ce jouet amusant<\/span><\/li>\n<li><span class=\"a-list-item\">Ajoutez des friandises : encouragez votre chien \u00e0 jouer plus longtemps en le remplissant avec des friandises ou des croquettes qui tombent pendant qu'il joue ; frottez avec du beurre d'arachide pour plus de plaisir<\/span><\/li>\n<li><span class=\"a-list-item\">Personnalisable : l'ouverture du compteur de friandises peut \u00eatre ajust\u00e9e pour contr\u00f4ler la fa\u00e7on dont votre chien peut acc\u00e9der \u00e0 ses friandises \u00e0 l'int\u00e9rieur<\/span><\/li>\n<li><span class=\"a-list-item\">Facile \u00e0 nettoyer : il suffit de le placer dans le panier sup\u00e9rieur de votre lave-vaisselle<\/span><\/li>\n<li><span class=\"a-list-item\">Jeu s\u00fbr : les jouets PetSafe sont faits de mat\u00e9riaux s\u00fbrs et non toxiques. Nous respectons les normes de s\u00e9curit\u00e9 et de savoir-faire les plus \u00e9lev\u00e9es et les concevons dans un souci de s\u00e9curit\u00e9<\/span><\/li>\n<li><span class=\"a-list-item\">Informations sur la taille : la taille M\/L est l\u00e9g\u00e8rement plus grande qu'une balle de tennis et recommand\u00e9e pour les chiens de 9 \u00e0 31,8 kg.<\/span><\/li>\n<\/ul>\n","protected":false},"excerpt":{"rendered":"<p>Caoutchouc durable : d\u00e9couvrez le d\u00e9sir de votre chien de poursuivre et de d\u00e9fier son esprit avec ce jouet amusant<\/p>\n","protected":false},"featured_media":63104,"comment_status":"closed","ping_status":"closed","template":"","meta":[],"product_brand":[],"product_cat":[1117,1109,1120],"product_tag":[2222],"pa_animal":[1848],"pa_couleur":[2227],"pa_duration":[],"pa_format":[],"pa_marque":[2221],"pa_type-de-produit":[],"class_list":{"0":"post-63105","1":"product","2":"type-product","3":"status-publish","4":"has-post-thumbnail","6":"product_cat-chien-accessoires","7":"product_cat-nourriture-et-produits-pour-chien","8":"product_cat-chien-accessoires-jouets","9":"product_tag-petsafe","10":"pa_animal-chien","11":"pa_couleur-vert","12":"pa_marque-petsafe","13":"has-subscription-plans","15":"first","16":"instock","17":"taxable","18":"shipping-taxable","19":"purchasable","20":"product-type-simple"},"aioseo_notices":[],"_links":{"self":[{"href":"https:\/\/petmobile.ca\/fr\/wp-json\/wp\/v2\/product\/63105","targetHints":{"allow":["GET"]}}],"collection":[{"href":"https:\/\/petmobile.ca\/fr\/wp-json\/wp\/v2\/product"}],"about":[{"href":"https:\/\/petmobile.ca\/fr\/wp-json\/wp\/v2\/types\/product"}],"replies":[{"embeddable":true,"href":"https:\/\/petmobile.ca\/fr\/wp-json\/wp\/v2\/comments?post=63105"}],"wp:featuredmedia":[{"embeddable":true,"href":"https:\/\/petmobile.ca\/fr\/wp-json\/wp\/v2\/media\/63104"}],"wp:attachment":[{"href":"https:\/\/petmobile.ca\/fr\/wp-json\/wp\/v2\/media?parent=63105"}],"wp:term":[{"taxonomy":"product_brand","embeddable":true,"href":"https:\/\/petmobile.ca\/fr\/wp-json\/wp\/v2\/product_brand?post=63105"},{"taxonomy":"product_cat","embeddable":true,"href":"https:\/\/petmobile.ca\/fr\/wp-json\/wp\/v2\/product_cat?post=63105"},{"taxonomy":"product_tag","embeddable":true,"href":"https:\/\/petmobile.ca\/fr\/wp-json\/wp\/v2\/product_tag?post=63105"},{"taxonomy":"pa_animal","embeddable":true,"href":"https:\/\/petmobile.ca\/fr\/wp-json\/wp\/v2\/pa_animal?post=63105"},{"taxonomy":"pa_couleur","embeddable":true,"href":"https:\/\/petmobile.ca\/fr\/wp-json\/wp\/v2\/pa_couleur?post=63105"},{"taxonomy":"pa_duration","embeddable":true,"href":"https:\/\/petmobile.ca\/fr\/wp-json\/wp\/v2\/pa_duration?post=63105"},{"taxonomy":"pa_format","embeddable":true,"href":"https:\/\/petmobile.ca\/fr\/wp-json\/wp\/v2\/pa_format?post=63105"},{"taxonomy":"pa_marque","embeddable":true,"href":"https:\/\/petmobile.ca\/fr\/wp-json\/wp\/v2\/pa_marque?post=63105"},{"taxonomy":"pa_type-de-produit","embeddable":true,"href":"https:\/\/petmobile.ca\/fr\/wp-json\/wp\/v2\/pa_type-de-produit?post=63105"}],"curies":[{"name":"wp","href":"https:\/\/api.w.org\/{rel}","templated":true}]}}