{"id":63954,"date":"2022-07-25T14:17:21","date_gmt":"2022-07-25T20:25:16","guid":{"rendered":"https:\/\/petmobile.ca\/?post_type=product&#038;p=63954"},"modified":"2022-07-25T15:25:17","modified_gmt":"2022-07-25T20:25:17","slug":"wahl-2-en-1-e-z-coupe-griffe-avec-lame-rotative","status":"publish","type":"product","link":"https:\/\/petmobile.ca\/fr\/produit\/wahl-2-en-1-e-z-coupe-griffe-avec-lame-rotative\/","title":{"rendered":"WAHL &#8211; 2 en 1 E-Z coupe griffe avec lame rotative"},"content":{"rendered":"<ul class=\"a-unordered-list a-vertical a-spacing-mini\">\n<li><span class=\"a-list-item\">Utilisez le coupe-ongles de pr\u00e9cision pour couper les ongles<\/span><\/li>\n<li><span class=\"a-list-item\">Utilisez la lime \u00e0 ongles rotative pour fa\u00e7onner l'ongle avec pr\u00e9cision et enlever les bords dentel\u00e9s et tranchants<\/span><\/li>\n<li><span class=\"a-list-item\">Fonctionnement \u00e0 piles pratique<\/span><\/li>\n<li><span class=\"a-list-item\">Poign\u00e9e douce au toucher pour une utilisation antid\u00e9rapante<\/span><\/li>\n<\/ul>\n","protected":false},"excerpt":{"rendered":"<p>Utilisez le coupe-ongles de pr\u00e9cision pour couper les ongles Utilisez la lime \u00e0 ongles rotative pour fa\u00e7onner l&rsquo;ongle avec pr\u00e9cision<\/p>\n","protected":false},"featured_media":63953,"comment_status":"closed","ping_status":"closed","template":"","meta":[],"product_brand":[],"product_cat":[1109,2290,2370],"product_tag":[],"pa_animal":[1848],"pa_couleur":[],"pa_duration":[],"pa_format":[],"pa_marque":[],"pa_type-de-produit":[],"class_list":{"0":"post-63954","1":"product","2":"type-product","3":"status-publish","4":"has-post-thumbnail","6":"product_cat-nourriture-et-produits-pour-chien","7":"product_cat-chien-soins","8":"product_cat-chien-toilettage1","9":"pa_animal-chien","10":"has-subscription-plans","12":"first","13":"instock","14":"taxable","15":"shipping-taxable","16":"purchasable","17":"product-type-simple"},"aioseo_notices":[],"_links":{"self":[{"href":"https:\/\/petmobile.ca\/fr\/wp-json\/wp\/v2\/product\/63954","targetHints":{"allow":["GET"]}}],"collection":[{"href":"https:\/\/petmobile.ca\/fr\/wp-json\/wp\/v2\/product"}],"about":[{"href":"https:\/\/petmobile.ca\/fr\/wp-json\/wp\/v2\/types\/product"}],"replies":[{"embeddable":true,"href":"https:\/\/petmobile.ca\/fr\/wp-json\/wp\/v2\/comments?post=63954"}],"wp:featuredmedia":[{"embeddable":true,"href":"https:\/\/petmobile.ca\/fr\/wp-json\/wp\/v2\/media\/63953"}],"wp:attachment":[{"href":"https:\/\/petmobile.ca\/fr\/wp-json\/wp\/v2\/media?parent=63954"}],"wp:term":[{"taxonomy":"product_brand","embeddable":true,"href":"https:\/\/petmobile.ca\/fr\/wp-json\/wp\/v2\/product_brand?post=63954"},{"taxonomy":"product_cat","embeddable":true,"href":"https:\/\/petmobile.ca\/fr\/wp-json\/wp\/v2\/product_cat?post=63954"},{"taxonomy":"product_tag","embeddable":true,"href":"https:\/\/petmobile.ca\/fr\/wp-json\/wp\/v2\/product_tag?post=63954"},{"taxonomy":"pa_animal","embeddable":true,"href":"https:\/\/petmobile.ca\/fr\/wp-json\/wp\/v2\/pa_animal?post=63954"},{"taxonomy":"pa_couleur","embeddable":true,"href":"https:\/\/petmobile.ca\/fr\/wp-json\/wp\/v2\/pa_couleur?post=63954"},{"taxonomy":"pa_duration","embeddable":true,"href":"https:\/\/petmobile.ca\/fr\/wp-json\/wp\/v2\/pa_duration?post=63954"},{"taxonomy":"pa_format","embeddable":true,"href":"https:\/\/petmobile.ca\/fr\/wp-json\/wp\/v2\/pa_format?post=63954"},{"taxonomy":"pa_marque","embeddable":true,"href":"https:\/\/petmobile.ca\/fr\/wp-json\/wp\/v2\/pa_marque?post=63954"},{"taxonomy":"pa_type-de-produit","embeddable":true,"href":"https:\/\/petmobile.ca\/fr\/wp-json\/wp\/v2\/pa_type-de-produit?post=63954"}],"curies":[{"name":"wp","href":"https:\/\/api.w.org\/{rel}","templated":true}]}}