{"id":64227,"date":"2022-08-03T08:35:58","date_gmt":"2022-08-03T13:35:58","guid":{"rendered":"https:\/\/petmobile.ca\/?post_type=product&#038;p=64227"},"modified":"2022-08-11T12:02:03","modified_gmt":"2022-08-11T16:02:03","slug":"biscuit-mini-nature","status":"publish","type":"product","link":"https:\/\/petmobile.ca\/fr\/produit\/biscuit-mini-nature\/","title":{"rendered":"Biscuit mini Nature"},"content":{"rendered":"<ul>\n<li>Ces biscuits pour chiens sont lentement cuits au four.<\/li>\n<li>Une excellente fa\u00e7on de r\u00e9compenser votre chien.<\/li>\n<li>Faible en calories.<\/li>\n<li>Id\u00e9al pour le dressage.<\/li>\n<li>Fabriqu\u00e9 au Qu\u00e9bec.<\/li>\n<\/ul>\n","protected":false},"excerpt":{"rendered":"<p>Ces biscuits pour chiens sont lentement cuits au four. Une excellente fa\u00e7on de r\u00e9compenser votre chien. Faible en calories. Id\u00e9al<\/p>\n","protected":false},"featured_media":29520,"comment_status":"closed","ping_status":"closed","template":"","meta":[],"product_brand":[],"product_cat":[1109,1115,2186],"product_tag":[2117],"pa_animal":[1848,2101],"pa_couleur":[],"pa_duration":[],"pa_format":[2565,2793],"pa_marque":[2794],"pa_type-de-produit":[],"class_list":{"0":"post-64227","1":"product","2":"type-product","3":"status-publish","4":"has-post-thumbnail","6":"product_cat-nourriture-et-produits-pour-chien","7":"product_cat-chien-gateries","8":"product_cat-gateries-seches","9":"product_tag-treat-time","10":"pa_animal-chien","11":"pa_animal-chiot-fr","12":"pa_format-1kg-fr","13":"pa_format-20lbs","14":"pa_marque-treat-time","15":"has-subscription-plans","17":"first","18":"instock","19":"taxable","20":"shipping-taxable","21":"purchasable","22":"product-type-variable","23":"has-default-attributes"},"aioseo_notices":[],"_links":{"self":[{"href":"https:\/\/petmobile.ca\/fr\/wp-json\/wp\/v2\/product\/64227","targetHints":{"allow":["GET"]}}],"collection":[{"href":"https:\/\/petmobile.ca\/fr\/wp-json\/wp\/v2\/product"}],"about":[{"href":"https:\/\/petmobile.ca\/fr\/wp-json\/wp\/v2\/types\/product"}],"replies":[{"embeddable":true,"href":"https:\/\/petmobile.ca\/fr\/wp-json\/wp\/v2\/comments?post=64227"}],"wp:featuredmedia":[{"embeddable":true,"href":"https:\/\/petmobile.ca\/fr\/wp-json\/wp\/v2\/media\/29520"}],"wp:attachment":[{"href":"https:\/\/petmobile.ca\/fr\/wp-json\/wp\/v2\/media?parent=64227"}],"wp:term":[{"taxonomy":"product_brand","embeddable":true,"href":"https:\/\/petmobile.ca\/fr\/wp-json\/wp\/v2\/product_brand?post=64227"},{"taxonomy":"product_cat","embeddable":true,"href":"https:\/\/petmobile.ca\/fr\/wp-json\/wp\/v2\/product_cat?post=64227"},{"taxonomy":"product_tag","embeddable":true,"href":"https:\/\/petmobile.ca\/fr\/wp-json\/wp\/v2\/product_tag?post=64227"},{"taxonomy":"pa_animal","embeddable":true,"href":"https:\/\/petmobile.ca\/fr\/wp-json\/wp\/v2\/pa_animal?post=64227"},{"taxonomy":"pa_couleur","embeddable":true,"href":"https:\/\/petmobile.ca\/fr\/wp-json\/wp\/v2\/pa_couleur?post=64227"},{"taxonomy":"pa_duration","embeddable":true,"href":"https:\/\/petmobile.ca\/fr\/wp-json\/wp\/v2\/pa_duration?post=64227"},{"taxonomy":"pa_format","embeddable":true,"href":"https:\/\/petmobile.ca\/fr\/wp-json\/wp\/v2\/pa_format?post=64227"},{"taxonomy":"pa_marque","embeddable":true,"href":"https:\/\/petmobile.ca\/fr\/wp-json\/wp\/v2\/pa_marque?post=64227"},{"taxonomy":"pa_type-de-produit","embeddable":true,"href":"https:\/\/petmobile.ca\/fr\/wp-json\/wp\/v2\/pa_type-de-produit?post=64227"}],"curies":[{"name":"wp","href":"https:\/\/api.w.org\/{rel}","templated":true}]}}