{"id":65136,"date":"2022-09-13T10:47:19","date_gmt":"2022-09-13T14:49:48","guid":{"rendered":"https:\/\/petmobile.ca\/?post_type=product&#038;p=65136"},"modified":"2025-07-10T15:12:16","modified_gmt":"2025-07-10T19:12:16","slug":"1st-choice-croissance-moyenne-grande-races-formule-poulet-chiot","status":"publish","type":"product","link":"https:\/\/petmobile.ca\/fr\/produit\/1st-choice-croissance-moyenne-grande-races-formule-poulet-chiot\/","title":{"rendered":"1st Choice<br>Croissance &#8211; Moyenne &#038; Grande races &#8211; Formule poulet &#8211; Chiot"},"content":{"rendered":"<p>Ingr\u00e9dients<\/p>\n<p>Farine de poulet (une source de sulfate de chondro\u00eftine), orge, avoine, pois, gras de poulet conserv\u00e9 avec un m\u00e9lange de tocoph\u00e9rols, saveur naturelle, graines de lin, fibre de pois, poudre de luzerne, pulpe d\u2019agrumes s\u00e9ch\u00e9e, huile de saumon (une source d\u2019ADH), sel, extrait de levure, L-thr\u00e9onine, phosphate de monosodium, DL-m\u00e9thionine, L-lysine, extrait de chicor\u00e9e (une source d\u2019inuline), carbonate de calcium, taurine, chlorure de choline, chlorure de potassium, chlorhydrate de glucosamine, vitamine C (acide ascorbique), sulfate ferreux, ac\u00e9tate d\u2019alpha-tocoph\u00e9rol (une source de vitamine E), hexam\u00e9taphosphate de sodium, oxyde de zinc, curcuma, romarin s\u00e9ch\u00e9, clous de girofle, extrait de yucca schidigera, lactos\u00e9rum, L-carnitine, oxyde manganeux, niacine, pantoth\u00e9nate de d-calcium, suppl\u00e9ment de vitamine A, chol\u00e9calcif\u00e9rol (une source de vitamine D3), mononitrate de thiamine, extrait de pamplemousse, biotine, menthe s\u00e9ch\u00e9e, persil s\u00e9ch\u00e9, extrait de th\u00e9 vert, gingembre s\u00e9ch\u00e9, s\u00e9l\u00e9nite de sodium, prot\u00e9inate de zinc, riboflavine, chlorhydrate de pyridoxine, suppl\u00e9ment de vitamine B12, prot\u00e9inate de mangan\u00e8se, iodate de calcium, prot\u00e9inate de cuivre, acide folique.<\/p>\n<p>Analyses Guaranties<\/p>\n<p>Prot\u00e9ines brutes 28% minimum, mati\u00e8res grasses 14% minimum, fibres brutes 6% maximum, humidit\u00e9 10% maximum, cendres 9,5% maximum, acide docosahexa\u00e9no\u00efque (DHA) 0,03% minimum, calcium 1,2% minimum, phosphore 1% minimum, sodium 0,3% minimum, vitamine A 18 000 UI\/kg minimum, vitamine D3 1 700 UI\/kg minimum, vitamine E 100 UI\/kg minimum.<\/p>\n","protected":false},"excerpt":{"rendered":"<p>Ingr\u00e9dients Farine de poulet (une source de sulfate de chondro\u00eftine), orge, avoine, pois, gras de poulet conserv\u00e9 avec un m\u00e9lange<\/p>\n","protected":false},"featured_media":65135,"comment_status":"closed","ping_status":"closed","template":"","meta":[],"product_brand":[],"product_cat":[1109,1110,1111,2858],"product_tag":[2328],"pa_animal":[1848,2101],"pa_couleur":[],"pa_duration":[],"pa_format":[2333,2718],"pa_marque":[],"pa_type-de-produit":[],"class_list":{"0":"post-65136","1":"product","2":"type-product","3":"status-publish","4":"has-post-thumbnail","6":"product_cat-nourriture-et-produits-pour-chien","7":"product_cat-chien-nourriture","8":"product_cat-chien-nourriture-seche","9":"product_cat-promo","10":"product_tag-1st-choice-fr","11":"pa_animal-chien","12":"pa_animal-chiot-fr","13":"pa_format-12-kg-fr","14":"pa_format-2-kg-fr","15":"has-subscription-plans","17":"first","18":"instock","19":"sale","20":"taxable","21":"shipping-taxable","22":"purchasable","23":"product-type-variable"},"aioseo_notices":[],"_links":{"self":[{"href":"https:\/\/petmobile.ca\/fr\/wp-json\/wp\/v2\/product\/65136","targetHints":{"allow":["GET"]}}],"collection":[{"href":"https:\/\/petmobile.ca\/fr\/wp-json\/wp\/v2\/product"}],"about":[{"href":"https:\/\/petmobile.ca\/fr\/wp-json\/wp\/v2\/types\/product"}],"replies":[{"embeddable":true,"href":"https:\/\/petmobile.ca\/fr\/wp-json\/wp\/v2\/comments?post=65136"}],"wp:featuredmedia":[{"embeddable":true,"href":"https:\/\/petmobile.ca\/fr\/wp-json\/wp\/v2\/media\/65135"}],"wp:attachment":[{"href":"https:\/\/petmobile.ca\/fr\/wp-json\/wp\/v2\/media?parent=65136"}],"wp:term":[{"taxonomy":"product_brand","embeddable":true,"href":"https:\/\/petmobile.ca\/fr\/wp-json\/wp\/v2\/product_brand?post=65136"},{"taxonomy":"product_cat","embeddable":true,"href":"https:\/\/petmobile.ca\/fr\/wp-json\/wp\/v2\/product_cat?post=65136"},{"taxonomy":"product_tag","embeddable":true,"href":"https:\/\/petmobile.ca\/fr\/wp-json\/wp\/v2\/product_tag?post=65136"},{"taxonomy":"pa_animal","embeddable":true,"href":"https:\/\/petmobile.ca\/fr\/wp-json\/wp\/v2\/pa_animal?post=65136"},{"taxonomy":"pa_couleur","embeddable":true,"href":"https:\/\/petmobile.ca\/fr\/wp-json\/wp\/v2\/pa_couleur?post=65136"},{"taxonomy":"pa_duration","embeddable":true,"href":"https:\/\/petmobile.ca\/fr\/wp-json\/wp\/v2\/pa_duration?post=65136"},{"taxonomy":"pa_format","embeddable":true,"href":"https:\/\/petmobile.ca\/fr\/wp-json\/wp\/v2\/pa_format?post=65136"},{"taxonomy":"pa_marque","embeddable":true,"href":"https:\/\/petmobile.ca\/fr\/wp-json\/wp\/v2\/pa_marque?post=65136"},{"taxonomy":"pa_type-de-produit","embeddable":true,"href":"https:\/\/petmobile.ca\/fr\/wp-json\/wp\/v2\/pa_type-de-produit?post=65136"}],"curies":[{"name":"wp","href":"https:\/\/api.w.org\/{rel}","templated":true}]}}