{"id":65433,"date":"2022-09-22T09:31:58","date_gmt":"2022-09-22T13:34:54","guid":{"rendered":"https:\/\/petmobile.ca\/?post_type=product&#038;p=65433"},"modified":"2023-11-09T14:06:21","modified_gmt":"2023-11-09T19:06:21","slug":"hartz-remede-boule-de-poils","status":"publish","type":"product","link":"https:\/\/petmobile.ca\/fr\/produit\/hartz-remede-boule-de-poils\/","title":{"rendered":"Hartz &#8211; Rem\u00e8de Boule de poils"},"content":{"rendered":"<ul class=\"a-unordered-list a-vertical a-spacing-mini\">\n<li><span class=\"a-list-item\">Aide \u00e0 passer les boules de poils \u00e0 travers le tube gastro-intestinal et aide \u00e0 pr\u00e9venir la formation future par une utilisation r\u00e9guli\u00e8re<\/span><\/li>\n<li><span class=\"a-list-item\">Comprend 70,9 g de d\u00e9licieuse formule aromatis\u00e9e au saumon dans un tube pratique<\/span><\/li>\n<\/ul>\n","protected":false},"excerpt":{"rendered":"<p>Aide \u00e0 passer les boules de poils \u00e0 travers le tube gastro-intestinal et aide \u00e0 pr\u00e9venir la formation future par<\/p>\n","protected":false},"featured_media":65432,"comment_status":"closed","ping_status":"closed","template":"","meta":[],"product_brand":[],"product_cat":[1092,2313],"product_tag":[1869],"pa_animal":[1847,2094],"pa_couleur":[],"pa_duration":[],"pa_format":[],"pa_marque":[],"pa_type-de-produit":[],"class_list":{"0":"post-65433","1":"product","2":"type-product","3":"status-publish","4":"has-post-thumbnail","6":"product_cat-produits-pour-chat","7":"product_cat-soins-chat","8":"product_tag-hartz-fr","9":"pa_animal-chat","10":"pa_animal-chaton","11":"has-subscription-plans","13":"first","14":"instock","15":"taxable","16":"shipping-taxable","17":"purchasable","18":"product-type-simple"},"aioseo_notices":[],"_links":{"self":[{"href":"https:\/\/petmobile.ca\/fr\/wp-json\/wp\/v2\/product\/65433","targetHints":{"allow":["GET"]}}],"collection":[{"href":"https:\/\/petmobile.ca\/fr\/wp-json\/wp\/v2\/product"}],"about":[{"href":"https:\/\/petmobile.ca\/fr\/wp-json\/wp\/v2\/types\/product"}],"replies":[{"embeddable":true,"href":"https:\/\/petmobile.ca\/fr\/wp-json\/wp\/v2\/comments?post=65433"}],"wp:featuredmedia":[{"embeddable":true,"href":"https:\/\/petmobile.ca\/fr\/wp-json\/wp\/v2\/media\/65432"}],"wp:attachment":[{"href":"https:\/\/petmobile.ca\/fr\/wp-json\/wp\/v2\/media?parent=65433"}],"wp:term":[{"taxonomy":"product_brand","embeddable":true,"href":"https:\/\/petmobile.ca\/fr\/wp-json\/wp\/v2\/product_brand?post=65433"},{"taxonomy":"product_cat","embeddable":true,"href":"https:\/\/petmobile.ca\/fr\/wp-json\/wp\/v2\/product_cat?post=65433"},{"taxonomy":"product_tag","embeddable":true,"href":"https:\/\/petmobile.ca\/fr\/wp-json\/wp\/v2\/product_tag?post=65433"},{"taxonomy":"pa_animal","embeddable":true,"href":"https:\/\/petmobile.ca\/fr\/wp-json\/wp\/v2\/pa_animal?post=65433"},{"taxonomy":"pa_couleur","embeddable":true,"href":"https:\/\/petmobile.ca\/fr\/wp-json\/wp\/v2\/pa_couleur?post=65433"},{"taxonomy":"pa_duration","embeddable":true,"href":"https:\/\/petmobile.ca\/fr\/wp-json\/wp\/v2\/pa_duration?post=65433"},{"taxonomy":"pa_format","embeddable":true,"href":"https:\/\/petmobile.ca\/fr\/wp-json\/wp\/v2\/pa_format?post=65433"},{"taxonomy":"pa_marque","embeddable":true,"href":"https:\/\/petmobile.ca\/fr\/wp-json\/wp\/v2\/pa_marque?post=65433"},{"taxonomy":"pa_type-de-produit","embeddable":true,"href":"https:\/\/petmobile.ca\/fr\/wp-json\/wp\/v2\/pa_type-de-produit?post=65433"}],"curies":[{"name":"wp","href":"https:\/\/api.w.org\/{rel}","templated":true}]}}