{"id":65436,"date":"2022-09-22T13:42:28","date_gmt":"2022-09-22T17:45:41","guid":{"rendered":"https:\/\/petmobile.ca\/?post_type=product&#038;p=65436"},"modified":"2022-09-22T13:48:20","modified_gmt":"2022-09-22T17:48:20","slug":"hartz-tapis-anti-odeurs-lot-de-50-scenteur-de-lavande","status":"publish","type":"product","link":"https:\/\/petmobile.ca\/fr\/produit\/hartz-tapis-anti-odeurs-lot-de-50-scenteur-de-lavande\/","title":{"rendered":"Hartz &#8211; Tapis anti-odeurs &#8211; Lot de 50 &#8211; scenteur de lavande"},"content":{"rendered":"<ul class=\"a-unordered-list a-vertical a-spacing-mini\">\n<li><span class=\"a-list-item\">Ne fuit pas : chaque tapis pipi est cr\u00e9\u00e9 avec la technologie FlashDry unique, qui transforme instantan\u00e9ment le liquide en gel pour retenir l'humidit\u00e9 et \u00e9viter les fuites salissantes et les odeurs d\u00e9sagr\u00e9ables<\/span><\/li>\n<li><span class=\"a-list-item\">Parfum de lavande \u00e9liminant les odeurs : la capacit\u00e9 sp\u00e9ciale d'\u00e9limination des odeurs retient et neutralise les odeurs avec un parfum de lavande, plut\u00f4t que de masquer les mauvaises odeurs laiss\u00e9es derri\u00e8re vous. Le parfum agr\u00e9able et durable laisse votre maison une odeur fra\u00eeche et propre.<\/span><\/li>\n<li><span class=\"a-list-item\">Absorption sup\u00e9rieure : notre tapis de construction \u00e0 6 couches cr\u00e9e une zone d'urine plus petite, permettant \u00e0 votre chien ou \u00e0 plusieurs chiens de trouver des endroits frais et propres pour de multiples utilisations par tapis<\/span><\/li>\n<li><span class=\"a-list-item\">Protection anti-fuite pour garder votre maison propre : chaque tapis dispose d'un dos en plastique et d'une bordure pour prot\u00e9ger tous les types de sols en bloquant les fuites<\/span><\/li>\n<li><span class=\"a-list-item\">Parfait pour : apprentissage de la propret\u00e9, dressage des chiots, chiens \u00e2g\u00e9s ou malades, s\u00e9jours en int\u00e9rieur prolong\u00e9s et utilisation pendant les voyages<\/span><\/li>\n<\/ul>\n","protected":false},"excerpt":{"rendered":"<p>Ne fuit pas : chaque tapis pipi est cr\u00e9\u00e9 avec la technologie FlashDry unique, qui transforme instantan\u00e9ment le liquide en<\/p>\n","protected":false},"featured_media":65437,"comment_status":"closed","ping_status":"closed","template":"","meta":[],"product_brand":[],"product_cat":[1109,1122],"product_tag":[1869],"pa_animal":[1848,2101],"pa_couleur":[],"pa_duration":[],"pa_format":[],"pa_marque":[],"pa_type-de-produit":[],"class_list":{"0":"post-65436","1":"product","2":"type-product","3":"status-publish","4":"has-post-thumbnail","6":"product_cat-nourriture-et-produits-pour-chien","7":"product_cat-chien-proprete","8":"product_tag-hartz-fr","9":"pa_animal-chien","10":"pa_animal-chiot-fr","11":"has-subscription-plans","13":"first","14":"instock","15":"taxable","16":"shipping-taxable","17":"purchasable","18":"product-type-simple"},"aioseo_notices":[],"_links":{"self":[{"href":"https:\/\/petmobile.ca\/fr\/wp-json\/wp\/v2\/product\/65436","targetHints":{"allow":["GET"]}}],"collection":[{"href":"https:\/\/petmobile.ca\/fr\/wp-json\/wp\/v2\/product"}],"about":[{"href":"https:\/\/petmobile.ca\/fr\/wp-json\/wp\/v2\/types\/product"}],"replies":[{"embeddable":true,"href":"https:\/\/petmobile.ca\/fr\/wp-json\/wp\/v2\/comments?post=65436"}],"wp:featuredmedia":[{"embeddable":true,"href":"https:\/\/petmobile.ca\/fr\/wp-json\/wp\/v2\/media\/65437"}],"wp:attachment":[{"href":"https:\/\/petmobile.ca\/fr\/wp-json\/wp\/v2\/media?parent=65436"}],"wp:term":[{"taxonomy":"product_brand","embeddable":true,"href":"https:\/\/petmobile.ca\/fr\/wp-json\/wp\/v2\/product_brand?post=65436"},{"taxonomy":"product_cat","embeddable":true,"href":"https:\/\/petmobile.ca\/fr\/wp-json\/wp\/v2\/product_cat?post=65436"},{"taxonomy":"product_tag","embeddable":true,"href":"https:\/\/petmobile.ca\/fr\/wp-json\/wp\/v2\/product_tag?post=65436"},{"taxonomy":"pa_animal","embeddable":true,"href":"https:\/\/petmobile.ca\/fr\/wp-json\/wp\/v2\/pa_animal?post=65436"},{"taxonomy":"pa_couleur","embeddable":true,"href":"https:\/\/petmobile.ca\/fr\/wp-json\/wp\/v2\/pa_couleur?post=65436"},{"taxonomy":"pa_duration","embeddable":true,"href":"https:\/\/petmobile.ca\/fr\/wp-json\/wp\/v2\/pa_duration?post=65436"},{"taxonomy":"pa_format","embeddable":true,"href":"https:\/\/petmobile.ca\/fr\/wp-json\/wp\/v2\/pa_format?post=65436"},{"taxonomy":"pa_marque","embeddable":true,"href":"https:\/\/petmobile.ca\/fr\/wp-json\/wp\/v2\/pa_marque?post=65436"},{"taxonomy":"pa_type-de-produit","embeddable":true,"href":"https:\/\/petmobile.ca\/fr\/wp-json\/wp\/v2\/pa_type-de-produit?post=65436"}],"curies":[{"name":"wp","href":"https:\/\/api.w.org\/{rel}","templated":true}]}}