{"id":65450,"date":"2022-09-22T15:38:46","date_gmt":"2022-09-22T19:39:49","guid":{"rendered":"https:\/\/petmobile.ca\/?post_type=product&#038;p=65450"},"modified":"2022-09-22T15:39:49","modified_gmt":"2022-09-22T19:39:49","slug":"branches-de-poirier","status":"publish","type":"product","link":"https:\/\/petmobile.ca\/fr\/produit\/branches-de-poirier\/","title":{"rendered":"Branches de poirier"},"content":{"rendered":"<p>Branches fait en bois de poirier.<\/p>\n<ul>\n<li>100% naturelle;<\/li>\n<li>100% comestible;<\/li>\n<li>Peut \u00eatre grug\u00e9e;<\/li>\n<li>Peut \u00eatre mang\u00e9e;<\/li>\n<li>Peut \u00eatre ins\u00e9r\u00e9e dans des jouets;<\/li>\n<li>Sans danger pour votre animal.<\/li>\n<\/ul>\n<p><strong>Dimension<\/strong>\u00a0: Environ 10 cm de long.<\/p>\n","protected":false},"excerpt":{"rendered":"<p>Branches fait en bois de poirier. 100% naturelle; 100% comestible; Peut \u00eatre grug\u00e9e; Peut \u00eatre mang\u00e9e; Peut \u00eatre ins\u00e9r\u00e9e dans<\/p>\n","protected":false},"featured_media":65186,"comment_status":"closed","ping_status":"closed","template":"","meta":[],"product_brand":[],"product_cat":[1132,1135,1133],"product_tag":[],"pa_animal":[2805],"pa_couleur":[],"pa_duration":[],"pa_format":[2806,2807],"pa_marque":[],"pa_type-de-produit":[],"class_list":{"0":"post-65450","1":"product","2":"type-product","3":"status-publish","4":"has-post-thumbnail","6":"product_cat-produits-pour-petit-animal","7":"product_cat-autre-animal-petit-gateries","8":"product_cat-autre-animal-petit-animal","9":"pa_animal-lapin","10":"pa_format-12-2","11":"pa_format-2807","12":"has-subscription-plans","14":"first","15":"instock","16":"taxable","17":"shipping-taxable","18":"purchasable","19":"product-type-variable"},"aioseo_notices":[],"_links":{"self":[{"href":"https:\/\/petmobile.ca\/fr\/wp-json\/wp\/v2\/product\/65450","targetHints":{"allow":["GET"]}}],"collection":[{"href":"https:\/\/petmobile.ca\/fr\/wp-json\/wp\/v2\/product"}],"about":[{"href":"https:\/\/petmobile.ca\/fr\/wp-json\/wp\/v2\/types\/product"}],"replies":[{"embeddable":true,"href":"https:\/\/petmobile.ca\/fr\/wp-json\/wp\/v2\/comments?post=65450"}],"wp:featuredmedia":[{"embeddable":true,"href":"https:\/\/petmobile.ca\/fr\/wp-json\/wp\/v2\/media\/65186"}],"wp:attachment":[{"href":"https:\/\/petmobile.ca\/fr\/wp-json\/wp\/v2\/media?parent=65450"}],"wp:term":[{"taxonomy":"product_brand","embeddable":true,"href":"https:\/\/petmobile.ca\/fr\/wp-json\/wp\/v2\/product_brand?post=65450"},{"taxonomy":"product_cat","embeddable":true,"href":"https:\/\/petmobile.ca\/fr\/wp-json\/wp\/v2\/product_cat?post=65450"},{"taxonomy":"product_tag","embeddable":true,"href":"https:\/\/petmobile.ca\/fr\/wp-json\/wp\/v2\/product_tag?post=65450"},{"taxonomy":"pa_animal","embeddable":true,"href":"https:\/\/petmobile.ca\/fr\/wp-json\/wp\/v2\/pa_animal?post=65450"},{"taxonomy":"pa_couleur","embeddable":true,"href":"https:\/\/petmobile.ca\/fr\/wp-json\/wp\/v2\/pa_couleur?post=65450"},{"taxonomy":"pa_duration","embeddable":true,"href":"https:\/\/petmobile.ca\/fr\/wp-json\/wp\/v2\/pa_duration?post=65450"},{"taxonomy":"pa_format","embeddable":true,"href":"https:\/\/petmobile.ca\/fr\/wp-json\/wp\/v2\/pa_format?post=65450"},{"taxonomy":"pa_marque","embeddable":true,"href":"https:\/\/petmobile.ca\/fr\/wp-json\/wp\/v2\/pa_marque?post=65450"},{"taxonomy":"pa_type-de-produit","embeddable":true,"href":"https:\/\/petmobile.ca\/fr\/wp-json\/wp\/v2\/pa_type-de-produit?post=65450"}],"curies":[{"name":"wp","href":"https:\/\/api.w.org\/{rel}","templated":true}]}}