{"id":65513,"date":"2022-09-26T15:28:21","date_gmt":"2022-09-26T19:30:32","guid":{"rendered":"https:\/\/petmobile.ca\/?post_type=product&#038;p=65513"},"modified":"2022-09-26T15:30:32","modified_gmt":"2022-09-26T19:30:32","slug":"1ere-recolte-fleole-des-pres-plus-croustillant","status":"publish","type":"product","link":"https:\/\/petmobile.ca\/fr\/produit\/1ere-recolte-fleole-des-pres-plus-croustillant\/","title":{"rendered":"1\u00e8re r\u00e9colte &#8211; Fl\u00e9ole des pr\u00e9s &#8211; Plus Croustillant"},"content":{"rendered":"<p>Plus<strong>\u00a0croustillant<\/strong>\u00a0puisqu\u2019il est r\u00e9colt\u00e9 plus tard.<\/p>\n<ul>\n<li>Foin de mil (fl\u00e9ole des pr\u00e9s);<\/li>\n<li>Tr\u00e8s bon foin cultiv\u00e9 \u00e0 la ferme;<\/li>\n<li>Format tr\u00e8s \u00e9conomique.<\/li>\n<\/ul>\n<p><strong>Quantit\u00e9<\/strong> : 2.29 lbs<\/p>\n","protected":false},"excerpt":{"rendered":"<p>Plus\u00a0croustillant\u00a0puisqu\u2019il est r\u00e9colt\u00e9 plus tard. Foin de mil (fl\u00e9ole des pr\u00e9s); Tr\u00e8s bon foin cultiv\u00e9 \u00e0 la ferme; Format tr\u00e8s<\/p>\n","protected":false},"featured_media":65519,"comment_status":"closed","ping_status":"closed","template":"","meta":[],"product_brand":[],"product_cat":[1132,1134,1133],"product_tag":[],"pa_animal":[],"pa_couleur":[],"pa_duration":[],"pa_format":[],"pa_marque":[],"pa_type-de-produit":[],"class_list":{"0":"post-65513","1":"product","2":"type-product","3":"status-publish","4":"has-post-thumbnail","6":"product_cat-produits-pour-petit-animal","7":"product_cat-autre-animal-petit-nourriture","8":"product_cat-autre-animal-petit-animal","9":"has-subscription-plans","11":"first","12":"instock","13":"taxable","14":"shipping-taxable","15":"purchasable","16":"product-type-simple"},"aioseo_notices":[],"_links":{"self":[{"href":"https:\/\/petmobile.ca\/fr\/wp-json\/wp\/v2\/product\/65513","targetHints":{"allow":["GET"]}}],"collection":[{"href":"https:\/\/petmobile.ca\/fr\/wp-json\/wp\/v2\/product"}],"about":[{"href":"https:\/\/petmobile.ca\/fr\/wp-json\/wp\/v2\/types\/product"}],"replies":[{"embeddable":true,"href":"https:\/\/petmobile.ca\/fr\/wp-json\/wp\/v2\/comments?post=65513"}],"wp:featuredmedia":[{"embeddable":true,"href":"https:\/\/petmobile.ca\/fr\/wp-json\/wp\/v2\/media\/65519"}],"wp:attachment":[{"href":"https:\/\/petmobile.ca\/fr\/wp-json\/wp\/v2\/media?parent=65513"}],"wp:term":[{"taxonomy":"product_brand","embeddable":true,"href":"https:\/\/petmobile.ca\/fr\/wp-json\/wp\/v2\/product_brand?post=65513"},{"taxonomy":"product_cat","embeddable":true,"href":"https:\/\/petmobile.ca\/fr\/wp-json\/wp\/v2\/product_cat?post=65513"},{"taxonomy":"product_tag","embeddable":true,"href":"https:\/\/petmobile.ca\/fr\/wp-json\/wp\/v2\/product_tag?post=65513"},{"taxonomy":"pa_animal","embeddable":true,"href":"https:\/\/petmobile.ca\/fr\/wp-json\/wp\/v2\/pa_animal?post=65513"},{"taxonomy":"pa_couleur","embeddable":true,"href":"https:\/\/petmobile.ca\/fr\/wp-json\/wp\/v2\/pa_couleur?post=65513"},{"taxonomy":"pa_duration","embeddable":true,"href":"https:\/\/petmobile.ca\/fr\/wp-json\/wp\/v2\/pa_duration?post=65513"},{"taxonomy":"pa_format","embeddable":true,"href":"https:\/\/petmobile.ca\/fr\/wp-json\/wp\/v2\/pa_format?post=65513"},{"taxonomy":"pa_marque","embeddable":true,"href":"https:\/\/petmobile.ca\/fr\/wp-json\/wp\/v2\/pa_marque?post=65513"},{"taxonomy":"pa_type-de-produit","embeddable":true,"href":"https:\/\/petmobile.ca\/fr\/wp-json\/wp\/v2\/pa_type-de-produit?post=65513"}],"curies":[{"name":"wp","href":"https:\/\/api.w.org\/{rel}","templated":true}]}}