{"id":65529,"date":"2022-09-26T16:00:53","date_gmt":"2022-09-26T20:01:25","guid":{"rendered":"https:\/\/petmobile.ca\/?post_type=product&#038;p=65529"},"modified":"2022-09-26T16:01:25","modified_gmt":"2022-09-26T20:01:25","slug":"sucettes-glacees","status":"publish","type":"product","link":"https:\/\/petmobile.ca\/fr\/produit\/sucettes-glacees\/","title":{"rendered":"Sucettes Glac\u00e9es"},"content":{"rendered":"<p>Jouet \u00e0 gruger en forme de sucettes glac\u00e9es.<\/p>\n<ul>\n<li>100% naturelle;<\/li>\n<li>100% comestible.<\/li>\n<li>Peut \u00eatre grug\u00e9e;<\/li>\n<li>Peut \u00eatre mang\u00e9e;<\/li>\n<li>Fait de loofah (nettoie les dents du petit animal);<\/li>\n<li>Est color\u00e9e avec du colorant alimentaire;<\/li>\n<li>Sans danger pour votre animal.<\/li>\n<\/ul>\n<p><strong>Dimensions :<\/strong>\u00a0Environ 15 cm de long<\/p>\n<p><strong>Quantit\u00e9<\/strong>\u00a0: Paquet de 2<\/p>\n<p><strong>Couleurs<\/strong>\u00a0: Vari\u00e9es<\/p>\n","protected":false},"excerpt":{"rendered":"<p>Jouet \u00e0 gruger en forme de sucettes glac\u00e9es. 100% naturelle; 100% comestible. Peut \u00eatre grug\u00e9e; Peut \u00eatre mang\u00e9e; Fait de<\/p>\n","protected":false},"featured_media":65528,"comment_status":"closed","ping_status":"closed","template":"","meta":[],"product_brand":[],"product_cat":[1132,1135],"product_tag":[],"pa_animal":[],"pa_couleur":[],"pa_duration":[],"pa_format":[],"pa_marque":[],"pa_type-de-produit":[],"class_list":{"0":"post-65529","1":"product","2":"type-product","3":"status-publish","4":"has-post-thumbnail","6":"product_cat-produits-pour-petit-animal","7":"product_cat-autre-animal-petit-gateries","8":"has-subscription-plans","10":"first","11":"instock","12":"taxable","13":"shipping-taxable","14":"purchasable","15":"product-type-simple"},"aioseo_notices":[],"_links":{"self":[{"href":"https:\/\/petmobile.ca\/fr\/wp-json\/wp\/v2\/product\/65529","targetHints":{"allow":["GET"]}}],"collection":[{"href":"https:\/\/petmobile.ca\/fr\/wp-json\/wp\/v2\/product"}],"about":[{"href":"https:\/\/petmobile.ca\/fr\/wp-json\/wp\/v2\/types\/product"}],"replies":[{"embeddable":true,"href":"https:\/\/petmobile.ca\/fr\/wp-json\/wp\/v2\/comments?post=65529"}],"wp:featuredmedia":[{"embeddable":true,"href":"https:\/\/petmobile.ca\/fr\/wp-json\/wp\/v2\/media\/65528"}],"wp:attachment":[{"href":"https:\/\/petmobile.ca\/fr\/wp-json\/wp\/v2\/media?parent=65529"}],"wp:term":[{"taxonomy":"product_brand","embeddable":true,"href":"https:\/\/petmobile.ca\/fr\/wp-json\/wp\/v2\/product_brand?post=65529"},{"taxonomy":"product_cat","embeddable":true,"href":"https:\/\/petmobile.ca\/fr\/wp-json\/wp\/v2\/product_cat?post=65529"},{"taxonomy":"product_tag","embeddable":true,"href":"https:\/\/petmobile.ca\/fr\/wp-json\/wp\/v2\/product_tag?post=65529"},{"taxonomy":"pa_animal","embeddable":true,"href":"https:\/\/petmobile.ca\/fr\/wp-json\/wp\/v2\/pa_animal?post=65529"},{"taxonomy":"pa_couleur","embeddable":true,"href":"https:\/\/petmobile.ca\/fr\/wp-json\/wp\/v2\/pa_couleur?post=65529"},{"taxonomy":"pa_duration","embeddable":true,"href":"https:\/\/petmobile.ca\/fr\/wp-json\/wp\/v2\/pa_duration?post=65529"},{"taxonomy":"pa_format","embeddable":true,"href":"https:\/\/petmobile.ca\/fr\/wp-json\/wp\/v2\/pa_format?post=65529"},{"taxonomy":"pa_marque","embeddable":true,"href":"https:\/\/petmobile.ca\/fr\/wp-json\/wp\/v2\/pa_marque?post=65529"},{"taxonomy":"pa_type-de-produit","embeddable":true,"href":"https:\/\/petmobile.ca\/fr\/wp-json\/wp\/v2\/pa_type-de-produit?post=65529"}],"curies":[{"name":"wp","href":"https:\/\/api.w.org\/{rel}","templated":true}]}}