{"id":65535,"date":"2022-09-26T16:14:37","date_gmt":"2022-09-26T20:14:37","guid":{"rendered":"https:\/\/petmobile.ca\/?post_type=product&#038;p=65535"},"modified":"2026-01-20T17:30:00","modified_gmt":"2026-01-20T22:30:00","slug":"cachette-en-forme-de-televiseur","status":"publish","type":"product","link":"https:\/\/petmobile.ca\/fr\/produit\/cachette-en-forme-de-televiseur\/","title":{"rendered":"Cachette en forme de t\u00e9l\u00e9viseur"},"content":{"rendered":"<p>Superbe cachette pour votre petit animal.<\/p>\n<ul>\n<li>Fait de carton \u00e0 100%;<\/li>\n<li>Cachette en forme de t\u00e9l\u00e9viseur parfaite pour vos petits animaux;<\/li>\n<li>Parfaite pour \u00eatre gruger, gratter, d\u00e9chir\u00e9e, etc;<\/li>\n<li>Peut \u00eatre utilis\u00e9e avec tout type de petits animaux (chats\/chiens\/lapins\/etc.).<\/li>\n<\/ul>\n<p><strong>Dimension<\/strong>\u00a0: \u00a0(43 cm x 23 cm x 35cm).<\/p>\n","protected":false},"excerpt":{"rendered":"<p>Superbe cachette pour votre petit animal. Fait de carton \u00e0 100%; Cachette en forme de t\u00e9l\u00e9viseur parfaite pour vos petits<\/p>\n","protected":false},"featured_media":65534,"comment_status":"closed","ping_status":"closed","template":"","meta":[],"product_brand":[],"product_cat":[1136,1132],"product_tag":[],"pa_animal":[],"pa_couleur":[],"pa_duration":[],"pa_format":[],"pa_marque":[],"pa_type-de-produit":[],"class_list":{"0":"post-65535","1":"product","2":"type-product","3":"status-publish","4":"has-post-thumbnail","6":"product_cat-autre-animal-petit-accessoires-et-cages","7":"product_cat-produits-pour-petit-animal","8":"has-subscription-plans","10":"first","11":"instock","12":"taxable","13":"shipping-taxable","14":"purchasable","15":"product-type-simple"},"aioseo_notices":[],"_links":{"self":[{"href":"https:\/\/petmobile.ca\/fr\/wp-json\/wp\/v2\/product\/65535","targetHints":{"allow":["GET"]}}],"collection":[{"href":"https:\/\/petmobile.ca\/fr\/wp-json\/wp\/v2\/product"}],"about":[{"href":"https:\/\/petmobile.ca\/fr\/wp-json\/wp\/v2\/types\/product"}],"replies":[{"embeddable":true,"href":"https:\/\/petmobile.ca\/fr\/wp-json\/wp\/v2\/comments?post=65535"}],"wp:featuredmedia":[{"embeddable":true,"href":"https:\/\/petmobile.ca\/fr\/wp-json\/wp\/v2\/media\/65534"}],"wp:attachment":[{"href":"https:\/\/petmobile.ca\/fr\/wp-json\/wp\/v2\/media?parent=65535"}],"wp:term":[{"taxonomy":"product_brand","embeddable":true,"href":"https:\/\/petmobile.ca\/fr\/wp-json\/wp\/v2\/product_brand?post=65535"},{"taxonomy":"product_cat","embeddable":true,"href":"https:\/\/petmobile.ca\/fr\/wp-json\/wp\/v2\/product_cat?post=65535"},{"taxonomy":"product_tag","embeddable":true,"href":"https:\/\/petmobile.ca\/fr\/wp-json\/wp\/v2\/product_tag?post=65535"},{"taxonomy":"pa_animal","embeddable":true,"href":"https:\/\/petmobile.ca\/fr\/wp-json\/wp\/v2\/pa_animal?post=65535"},{"taxonomy":"pa_couleur","embeddable":true,"href":"https:\/\/petmobile.ca\/fr\/wp-json\/wp\/v2\/pa_couleur?post=65535"},{"taxonomy":"pa_duration","embeddable":true,"href":"https:\/\/petmobile.ca\/fr\/wp-json\/wp\/v2\/pa_duration?post=65535"},{"taxonomy":"pa_format","embeddable":true,"href":"https:\/\/petmobile.ca\/fr\/wp-json\/wp\/v2\/pa_format?post=65535"},{"taxonomy":"pa_marque","embeddable":true,"href":"https:\/\/petmobile.ca\/fr\/wp-json\/wp\/v2\/pa_marque?post=65535"},{"taxonomy":"pa_type-de-produit","embeddable":true,"href":"https:\/\/petmobile.ca\/fr\/wp-json\/wp\/v2\/pa_type-de-produit?post=65535"}],"curies":[{"name":"wp","href":"https:\/\/api.w.org\/{rel}","templated":true}]}}