{"id":65539,"date":"2022-09-26T16:26:04","date_gmt":"2022-09-26T20:26:46","guid":{"rendered":"https:\/\/petmobile.ca\/?post_type=product&#038;p=65539"},"modified":"2022-09-26T16:26:46","modified_gmt":"2022-09-26T20:26:46","slug":"mobile-arbre-de-carottes","status":"publish","type":"product","link":"https:\/\/petmobile.ca\/fr\/produit\/mobile-arbre-de-carottes\/","title":{"rendered":"Mobile Arbre De Carottes"},"content":{"rendered":"<p>L\u2019arbre \u00e0 carottes.<\/p>\n<ul>\n<li>Est fait de sisal;<\/li>\n<li>Est fait de colorant alimentaire;<\/li>\n<li>Peut \u00eatre grug\u00e9;<\/li>\n<li>Peut servir de bol pour les l\u00e9gumes ou le foin de votre petit animal;<\/li>\n<li>Sans danger pour votre animal.<\/li>\n<\/ul>\n<p><strong>Dimension<\/strong>\u00a0: Environ 40 cm de hauteur et 30 cm de largeur.<\/p>\n","protected":false},"excerpt":{"rendered":"<p>L\u2019arbre \u00e0 carottes. Est fait de sisal; Est fait de colorant alimentaire; Peut \u00eatre grug\u00e9; Peut servir de bol pour<\/p>\n","protected":false},"featured_media":65177,"comment_status":"closed","ping_status":"closed","template":"","meta":[],"product_brand":[],"product_cat":[1136,1132],"product_tag":[],"pa_animal":[],"pa_couleur":[],"pa_duration":[],"pa_format":[],"pa_marque":[],"pa_type-de-produit":[],"class_list":{"0":"post-65539","1":"product","2":"type-product","3":"status-publish","4":"has-post-thumbnail","6":"product_cat-autre-animal-petit-accessoires-et-cages","7":"product_cat-produits-pour-petit-animal","8":"has-subscription-plans","10":"first","11":"instock","12":"taxable","13":"shipping-taxable","14":"purchasable","15":"product-type-simple"},"aioseo_notices":[],"_links":{"self":[{"href":"https:\/\/petmobile.ca\/fr\/wp-json\/wp\/v2\/product\/65539","targetHints":{"allow":["GET"]}}],"collection":[{"href":"https:\/\/petmobile.ca\/fr\/wp-json\/wp\/v2\/product"}],"about":[{"href":"https:\/\/petmobile.ca\/fr\/wp-json\/wp\/v2\/types\/product"}],"replies":[{"embeddable":true,"href":"https:\/\/petmobile.ca\/fr\/wp-json\/wp\/v2\/comments?post=65539"}],"wp:featuredmedia":[{"embeddable":true,"href":"https:\/\/petmobile.ca\/fr\/wp-json\/wp\/v2\/media\/65177"}],"wp:attachment":[{"href":"https:\/\/petmobile.ca\/fr\/wp-json\/wp\/v2\/media?parent=65539"}],"wp:term":[{"taxonomy":"product_brand","embeddable":true,"href":"https:\/\/petmobile.ca\/fr\/wp-json\/wp\/v2\/product_brand?post=65539"},{"taxonomy":"product_cat","embeddable":true,"href":"https:\/\/petmobile.ca\/fr\/wp-json\/wp\/v2\/product_cat?post=65539"},{"taxonomy":"product_tag","embeddable":true,"href":"https:\/\/petmobile.ca\/fr\/wp-json\/wp\/v2\/product_tag?post=65539"},{"taxonomy":"pa_animal","embeddable":true,"href":"https:\/\/petmobile.ca\/fr\/wp-json\/wp\/v2\/pa_animal?post=65539"},{"taxonomy":"pa_couleur","embeddable":true,"href":"https:\/\/petmobile.ca\/fr\/wp-json\/wp\/v2\/pa_couleur?post=65539"},{"taxonomy":"pa_duration","embeddable":true,"href":"https:\/\/petmobile.ca\/fr\/wp-json\/wp\/v2\/pa_duration?post=65539"},{"taxonomy":"pa_format","embeddable":true,"href":"https:\/\/petmobile.ca\/fr\/wp-json\/wp\/v2\/pa_format?post=65539"},{"taxonomy":"pa_marque","embeddable":true,"href":"https:\/\/petmobile.ca\/fr\/wp-json\/wp\/v2\/pa_marque?post=65539"},{"taxonomy":"pa_type-de-produit","embeddable":true,"href":"https:\/\/petmobile.ca\/fr\/wp-json\/wp\/v2\/pa_type-de-produit?post=65539"}],"curies":[{"name":"wp","href":"https:\/\/api.w.org\/{rel}","templated":true}]}}