{"id":70986,"date":"2023-03-24T13:22:37","date_gmt":"2023-03-24T17:27:03","guid":{"rendered":"https:\/\/petmobile.ca\/?post_type=product&#038;p=70986"},"modified":"2023-03-24T13:27:03","modified_gmt":"2023-03-24T17:27:03","slug":"country-inseparable-2-5-kg","status":"publish","type":"product","link":"https:\/\/petmobile.ca\/fr\/produit\/country-inseparable-2-5-kg\/","title":{"rendered":"Country Ins\u00e9parable 2.5 kg"},"content":{"rendered":"<p id=\"tw-target-text\" class=\"tw-data-text tw-text-large tw-ta\" dir=\"ltr\" data-placeholder=\"Traduction\"><span class=\"Y2IQFc\" lang=\"fr\">Ce m\u00e9lange de graines Country pour tourtereaux est un retour \u00e0 des temps plus simples. Une bonne nourriture \u00e9quilibr\u00e9e et \u00e0 un prix raisonnable<br \/>\navec des vitamines et des min\u00e9raux ajout\u00e9s de Witte Molen, bas\u00e9e dans le Brabant, qui est en activit\u00e9 depuis 1740. Nous n'utilisons que les meilleures<br \/>\nmati\u00e8res premi\u00e8res et cela - combin\u00e9 \u00e0 notre connaissance approfondie des diff\u00e9rents animaux - garantit que nous produisons des aliments pour animaux<br \/>\nde compagnie sur lesquels vous pouvez vraiment compter<\/span><\/p>\n<p dir=\"ltr\" data-placeholder=\"Traduction\">Un ins\u00e9parable a besoin d'environ 15 \u00e0 20 grammes de nourriture par jour, selon l'\u00e9tape de sa vie et son \u00e9tat de sant\u00e9. Assurez-vous que les animaux mangent tous les ingr\u00e9dients. Donnez toujours un acc\u00e8s illimit\u00e9 \u00e0 l'eau douce. Conserver dans un endroit frais et sombre.<\/p>\n","protected":false},"excerpt":{"rendered":"<p>Ce m\u00e9lange de graines Country pour tourtereaux est un retour \u00e0 des temps plus simples. Une bonne nourriture \u00e9quilibr\u00e9e et<\/p>\n","protected":false},"featured_media":70985,"comment_status":"closed","ping_status":"closed","template":"","meta":[],"product_brand":[],"product_cat":[1127,1125],"product_tag":[],"pa_animal":[],"pa_couleur":[],"pa_duration":[],"pa_format":[],"pa_marque":[],"pa_type-de-produit":[],"class_list":{"0":"post-70986","1":"product","2":"type-product","3":"status-publish","4":"has-post-thumbnail","6":"product_cat-oiseau-domestique-nourriture","7":"product_cat-oiseau","8":"has-subscription-plans","10":"first","11":"instock","12":"taxable","13":"shipping-taxable","14":"purchasable","15":"product-type-simple"},"aioseo_notices":[],"_links":{"self":[{"href":"https:\/\/petmobile.ca\/fr\/wp-json\/wp\/v2\/product\/70986","targetHints":{"allow":["GET"]}}],"collection":[{"href":"https:\/\/petmobile.ca\/fr\/wp-json\/wp\/v2\/product"}],"about":[{"href":"https:\/\/petmobile.ca\/fr\/wp-json\/wp\/v2\/types\/product"}],"replies":[{"embeddable":true,"href":"https:\/\/petmobile.ca\/fr\/wp-json\/wp\/v2\/comments?post=70986"}],"wp:featuredmedia":[{"embeddable":true,"href":"https:\/\/petmobile.ca\/fr\/wp-json\/wp\/v2\/media\/70985"}],"wp:attachment":[{"href":"https:\/\/petmobile.ca\/fr\/wp-json\/wp\/v2\/media?parent=70986"}],"wp:term":[{"taxonomy":"product_brand","embeddable":true,"href":"https:\/\/petmobile.ca\/fr\/wp-json\/wp\/v2\/product_brand?post=70986"},{"taxonomy":"product_cat","embeddable":true,"href":"https:\/\/petmobile.ca\/fr\/wp-json\/wp\/v2\/product_cat?post=70986"},{"taxonomy":"product_tag","embeddable":true,"href":"https:\/\/petmobile.ca\/fr\/wp-json\/wp\/v2\/product_tag?post=70986"},{"taxonomy":"pa_animal","embeddable":true,"href":"https:\/\/petmobile.ca\/fr\/wp-json\/wp\/v2\/pa_animal?post=70986"},{"taxonomy":"pa_couleur","embeddable":true,"href":"https:\/\/petmobile.ca\/fr\/wp-json\/wp\/v2\/pa_couleur?post=70986"},{"taxonomy":"pa_duration","embeddable":true,"href":"https:\/\/petmobile.ca\/fr\/wp-json\/wp\/v2\/pa_duration?post=70986"},{"taxonomy":"pa_format","embeddable":true,"href":"https:\/\/petmobile.ca\/fr\/wp-json\/wp\/v2\/pa_format?post=70986"},{"taxonomy":"pa_marque","embeddable":true,"href":"https:\/\/petmobile.ca\/fr\/wp-json\/wp\/v2\/pa_marque?post=70986"},{"taxonomy":"pa_type-de-produit","embeddable":true,"href":"https:\/\/petmobile.ca\/fr\/wp-json\/wp\/v2\/pa_type-de-produit?post=70986"}],"curies":[{"name":"wp","href":"https:\/\/api.w.org\/{rel}","templated":true}]}}