{"id":70991,"date":"2023-03-24T13:42:18","date_gmt":"2023-03-24T17:47:58","guid":{"rendered":"https:\/\/petmobile.ca\/?post_type=product&#038;p=70991"},"modified":"2023-03-24T13:47:58","modified_gmt":"2023-03-24T17:47:58","slug":"puur-lapin-sensible-3-kg","status":"publish","type":"product","link":"https:\/\/petmobile.ca\/fr\/produit\/puur-lapin-sensible-3-kg\/","title":{"rendered":"PUUR Lapin sensible 3 kg"},"content":{"rendered":"<p id=\"tw-target-text\" class=\"tw-data-text tw-text-large tw-ta\" dir=\"ltr\" data-placeholder=\"Traduction\"><span class=\"Y2IQFc\" lang=\"fr\">ALIMENT COMPLET <\/span><\/p>\n<ul>\n<li class=\"tw-data-text tw-text-large tw-ta\" dir=\"ltr\" data-placeholder=\"Traduction\"><span class=\"Y2IQFc\" lang=\"fr\">Les canneberges et le foin de fl\u00e9ole \u00e0 faible teneur en calcium favorisent le bon fonctionnement des voies urinaires<\/span><\/li>\n<li class=\"tw-data-text tw-text-large tw-ta\" dir=\"ltr\" data-placeholder=\"Traduction\"><span class=\"Y2IQFc\" lang=\"fr\">Le foin de fl\u00e9ole riche en fibres contribue \u00e0 une excellente digestion<\/span><\/li>\n<li class=\"tw-data-text tw-text-large tw-ta\" dir=\"ltr\" data-placeholder=\"Traduction\"><span class=\"Y2IQFc\" lang=\"fr\">Ingr\u00e9dients savoureux et vari\u00e9s pour un excellent app\u00e9tit <\/span><\/li>\n<li class=\"tw-data-text tw-text-large tw-ta\" dir=\"ltr\" data-placeholder=\"Traduction\"><span class=\"Y2IQFc\" lang=\"fr\">La composition \u00e9quilibr\u00e9e et riche en fibres, les vitamines et oligo-\u00e9l\u00e9ments ajout\u00e9s augmenteront la vitalit\u00e9 de votre animal<\/span><\/li>\n<li class=\"tw-data-text tw-text-large tw-ta\" dir=\"ltr\" data-placeholder=\"Traduction\"><span class=\"Y2IQFc\" lang=\"fr\">Sans conservateurs, colorants ou ar\u00f4mes artificiels<\/span><\/li>\n<\/ul>\n<p id=\"tw-target-text\" class=\"tw-data-text tw-text-large tw-ta\" dir=\"ltr\" data-placeholder=\"Traduction\"><span class=\"Y2IQFc\" lang=\"fr\">INGR\u00c9DIENTS: Canneberges, fl\u00e9ole des pr\u00e9s, souci, panais, eucalyptus<\/span><\/p>\n<p dir=\"ltr\" data-placeholder=\"Traduction\">Un lapin a besoin d'environ 25 grammes de nourriture par kilogramme de poids corporel par jour, selon son stade de vie et son \u00e9tat de sant\u00e9. Assurez-vous que les animaux mangent tous les ingr\u00e9dients. Donnez toujours un acc\u00e8s illimit\u00e9 au foin et \u00e0 l'eau douce. Conserver dans un endroit frais et sombre.<\/p>\n","protected":false},"excerpt":{"rendered":"<p>ALIMENT COMPLET Les canneberges et le foin de fl\u00e9ole \u00e0 faible teneur en calcium favorisent le bon fonctionnement des voies<\/p>\n","protected":false},"featured_media":70990,"comment_status":"closed","ping_status":"closed","template":"","meta":[],"product_brand":[],"product_cat":[1132,1134,1133],"product_tag":[],"pa_animal":[],"pa_couleur":[],"pa_duration":[],"pa_format":[2838],"pa_marque":[],"pa_type-de-produit":[],"class_list":{"0":"post-70991","1":"product","2":"type-product","3":"status-publish","4":"has-post-thumbnail","6":"product_cat-produits-pour-petit-animal","7":"product_cat-autre-animal-petit-nourriture","8":"product_cat-autre-animal-petit-animal","9":"pa_format-3kg-fr","10":"has-subscription-plans","12":"first","13":"instock","14":"taxable","15":"shipping-taxable","16":"purchasable","17":"product-type-simple"},"aioseo_notices":[],"_links":{"self":[{"href":"https:\/\/petmobile.ca\/fr\/wp-json\/wp\/v2\/product\/70991","targetHints":{"allow":["GET"]}}],"collection":[{"href":"https:\/\/petmobile.ca\/fr\/wp-json\/wp\/v2\/product"}],"about":[{"href":"https:\/\/petmobile.ca\/fr\/wp-json\/wp\/v2\/types\/product"}],"replies":[{"embeddable":true,"href":"https:\/\/petmobile.ca\/fr\/wp-json\/wp\/v2\/comments?post=70991"}],"wp:featuredmedia":[{"embeddable":true,"href":"https:\/\/petmobile.ca\/fr\/wp-json\/wp\/v2\/media\/70990"}],"wp:attachment":[{"href":"https:\/\/petmobile.ca\/fr\/wp-json\/wp\/v2\/media?parent=70991"}],"wp:term":[{"taxonomy":"product_brand","embeddable":true,"href":"https:\/\/petmobile.ca\/fr\/wp-json\/wp\/v2\/product_brand?post=70991"},{"taxonomy":"product_cat","embeddable":true,"href":"https:\/\/petmobile.ca\/fr\/wp-json\/wp\/v2\/product_cat?post=70991"},{"taxonomy":"product_tag","embeddable":true,"href":"https:\/\/petmobile.ca\/fr\/wp-json\/wp\/v2\/product_tag?post=70991"},{"taxonomy":"pa_animal","embeddable":true,"href":"https:\/\/petmobile.ca\/fr\/wp-json\/wp\/v2\/pa_animal?post=70991"},{"taxonomy":"pa_couleur","embeddable":true,"href":"https:\/\/petmobile.ca\/fr\/wp-json\/wp\/v2\/pa_couleur?post=70991"},{"taxonomy":"pa_duration","embeddable":true,"href":"https:\/\/petmobile.ca\/fr\/wp-json\/wp\/v2\/pa_duration?post=70991"},{"taxonomy":"pa_format","embeddable":true,"href":"https:\/\/petmobile.ca\/fr\/wp-json\/wp\/v2\/pa_format?post=70991"},{"taxonomy":"pa_marque","embeddable":true,"href":"https:\/\/petmobile.ca\/fr\/wp-json\/wp\/v2\/pa_marque?post=70991"},{"taxonomy":"pa_type-de-produit","embeddable":true,"href":"https:\/\/petmobile.ca\/fr\/wp-json\/wp\/v2\/pa_type-de-produit?post=70991"}],"curies":[{"name":"wp","href":"https:\/\/api.w.org\/{rel}","templated":true}]}}