{"id":70997,"date":"2023-03-24T13:54:37","date_gmt":"2023-03-24T17:56:16","guid":{"rendered":"https:\/\/petmobile.ca\/?post_type=product&#038;p=70997"},"modified":"2023-03-24T13:56:16","modified_gmt":"2023-03-24T17:56:16","slug":"country-hamster-amis-3-kg","status":"publish","type":"product","link":"https:\/\/petmobile.ca\/fr\/produit\/country-hamster-amis-3-kg\/","title":{"rendered":"Country hamster &#038; amis 3 kg"},"content":{"rendered":"<p>Ce muesli Country pour hamsters (nains), rats, gerbilles, souris et autres rongeurs omnivores vous ram\u00e8ne \u00e0 des temps plus simples. Une alimentation de qualit\u00e9 et \u00e9quilibr\u00e9e avec des carottes et de d\u00e9licieux fruits, \u00e0 un prix \u00e9quitable, provenant de l\u2019entreprise braban\u00e7onne Witte Molen qui tourne depuis 1740. Nous y r\u00e9unissons les meilleures mati\u00e8res premi\u00e8res et notre connaissance de chaque animal pour produire un aliment sur lequel vous pouvez compter.<\/p>\n","protected":false},"excerpt":{"rendered":"<p>Ce muesli Country pour hamsters (nains), rats, gerbilles, souris et autres rongeurs omnivores vous ram\u00e8ne \u00e0 des temps plus simples.<\/p>\n","protected":false},"featured_media":70996,"comment_status":"closed","ping_status":"closed","template":"","meta":[],"product_brand":[],"product_cat":[1132,1134,1133],"product_tag":[],"pa_animal":[],"pa_couleur":[],"pa_duration":[],"pa_format":[2838],"pa_marque":[],"pa_type-de-produit":[],"class_list":{"0":"post-70997","1":"product","2":"type-product","3":"status-publish","4":"has-post-thumbnail","6":"product_cat-produits-pour-petit-animal","7":"product_cat-autre-animal-petit-nourriture","8":"product_cat-autre-animal-petit-animal","9":"pa_format-3kg-fr","10":"has-subscription-plans","12":"first","13":"instock","14":"taxable","15":"shipping-taxable","16":"purchasable","17":"product-type-simple"},"aioseo_notices":[],"_links":{"self":[{"href":"https:\/\/petmobile.ca\/fr\/wp-json\/wp\/v2\/product\/70997","targetHints":{"allow":["GET"]}}],"collection":[{"href":"https:\/\/petmobile.ca\/fr\/wp-json\/wp\/v2\/product"}],"about":[{"href":"https:\/\/petmobile.ca\/fr\/wp-json\/wp\/v2\/types\/product"}],"replies":[{"embeddable":true,"href":"https:\/\/petmobile.ca\/fr\/wp-json\/wp\/v2\/comments?post=70997"}],"wp:featuredmedia":[{"embeddable":true,"href":"https:\/\/petmobile.ca\/fr\/wp-json\/wp\/v2\/media\/70996"}],"wp:attachment":[{"href":"https:\/\/petmobile.ca\/fr\/wp-json\/wp\/v2\/media?parent=70997"}],"wp:term":[{"taxonomy":"product_brand","embeddable":true,"href":"https:\/\/petmobile.ca\/fr\/wp-json\/wp\/v2\/product_brand?post=70997"},{"taxonomy":"product_cat","embeddable":true,"href":"https:\/\/petmobile.ca\/fr\/wp-json\/wp\/v2\/product_cat?post=70997"},{"taxonomy":"product_tag","embeddable":true,"href":"https:\/\/petmobile.ca\/fr\/wp-json\/wp\/v2\/product_tag?post=70997"},{"taxonomy":"pa_animal","embeddable":true,"href":"https:\/\/petmobile.ca\/fr\/wp-json\/wp\/v2\/pa_animal?post=70997"},{"taxonomy":"pa_couleur","embeddable":true,"href":"https:\/\/petmobile.ca\/fr\/wp-json\/wp\/v2\/pa_couleur?post=70997"},{"taxonomy":"pa_duration","embeddable":true,"href":"https:\/\/petmobile.ca\/fr\/wp-json\/wp\/v2\/pa_duration?post=70997"},{"taxonomy":"pa_format","embeddable":true,"href":"https:\/\/petmobile.ca\/fr\/wp-json\/wp\/v2\/pa_format?post=70997"},{"taxonomy":"pa_marque","embeddable":true,"href":"https:\/\/petmobile.ca\/fr\/wp-json\/wp\/v2\/pa_marque?post=70997"},{"taxonomy":"pa_type-de-produit","embeddable":true,"href":"https:\/\/petmobile.ca\/fr\/wp-json\/wp\/v2\/pa_type-de-produit?post=70997"}],"curies":[{"name":"wp","href":"https:\/\/api.w.org\/{rel}","templated":true}]}}