{"id":71003,"date":"2023-03-24T14:01:14","date_gmt":"2023-03-24T18:02:23","guid":{"rendered":"https:\/\/petmobile.ca\/?post_type=product&#038;p=71003"},"modified":"2023-03-24T14:02:23","modified_gmt":"2023-03-24T18:02:23","slug":"country-cochon-dinde-3-kg","status":"publish","type":"product","link":"https:\/\/petmobile.ca\/fr\/produit\/country-cochon-dinde-3-kg\/","title":{"rendered":"Country Cochon d&rsquo;inde 3 kg"},"content":{"rendered":"<p>Ce muesli Country pour cochons d\u2019Inde vous ram\u00e8ne \u00e0 des temps plus simples. Une alimentation de qualit\u00e9 et \u00e9quilibr\u00e9e avec des tiges de luzerne riches en fibres et un ajout de vitamine C, \u00e0 un prix \u00e9quitable, provenant de l\u2019entreprise braban\u00e7onne Witte Molen qui tourne depuis 1740. Nous y r\u00e9unissons les meilleures mati\u00e8res premi\u00e8res et notre connaissance de chaque animal pour produire un aliment sur lequel vous pouvez compter.<\/p>\n","protected":false},"excerpt":{"rendered":"<p>Ce muesli Country pour cochons d\u2019Inde vous ram\u00e8ne \u00e0 des temps plus simples. Une alimentation de qualit\u00e9 et \u00e9quilibr\u00e9e avec<\/p>\n","protected":false},"featured_media":71002,"comment_status":"closed","ping_status":"closed","template":"","meta":[],"product_brand":[],"product_cat":[1132,1134,1133],"product_tag":[],"pa_animal":[],"pa_couleur":[],"pa_duration":[],"pa_format":[2838],"pa_marque":[],"pa_type-de-produit":[],"class_list":{"0":"post-71003","1":"product","2":"type-product","3":"status-publish","4":"has-post-thumbnail","6":"product_cat-produits-pour-petit-animal","7":"product_cat-autre-animal-petit-nourriture","8":"product_cat-autre-animal-petit-animal","9":"pa_format-3kg-fr","10":"has-subscription-plans","12":"first","13":"instock","14":"taxable","15":"shipping-taxable","16":"purchasable","17":"product-type-simple"},"aioseo_notices":[],"_links":{"self":[{"href":"https:\/\/petmobile.ca\/fr\/wp-json\/wp\/v2\/product\/71003","targetHints":{"allow":["GET"]}}],"collection":[{"href":"https:\/\/petmobile.ca\/fr\/wp-json\/wp\/v2\/product"}],"about":[{"href":"https:\/\/petmobile.ca\/fr\/wp-json\/wp\/v2\/types\/product"}],"replies":[{"embeddable":true,"href":"https:\/\/petmobile.ca\/fr\/wp-json\/wp\/v2\/comments?post=71003"}],"wp:featuredmedia":[{"embeddable":true,"href":"https:\/\/petmobile.ca\/fr\/wp-json\/wp\/v2\/media\/71002"}],"wp:attachment":[{"href":"https:\/\/petmobile.ca\/fr\/wp-json\/wp\/v2\/media?parent=71003"}],"wp:term":[{"taxonomy":"product_brand","embeddable":true,"href":"https:\/\/petmobile.ca\/fr\/wp-json\/wp\/v2\/product_brand?post=71003"},{"taxonomy":"product_cat","embeddable":true,"href":"https:\/\/petmobile.ca\/fr\/wp-json\/wp\/v2\/product_cat?post=71003"},{"taxonomy":"product_tag","embeddable":true,"href":"https:\/\/petmobile.ca\/fr\/wp-json\/wp\/v2\/product_tag?post=71003"},{"taxonomy":"pa_animal","embeddable":true,"href":"https:\/\/petmobile.ca\/fr\/wp-json\/wp\/v2\/pa_animal?post=71003"},{"taxonomy":"pa_couleur","embeddable":true,"href":"https:\/\/petmobile.ca\/fr\/wp-json\/wp\/v2\/pa_couleur?post=71003"},{"taxonomy":"pa_duration","embeddable":true,"href":"https:\/\/petmobile.ca\/fr\/wp-json\/wp\/v2\/pa_duration?post=71003"},{"taxonomy":"pa_format","embeddable":true,"href":"https:\/\/petmobile.ca\/fr\/wp-json\/wp\/v2\/pa_format?post=71003"},{"taxonomy":"pa_marque","embeddable":true,"href":"https:\/\/petmobile.ca\/fr\/wp-json\/wp\/v2\/pa_marque?post=71003"},{"taxonomy":"pa_type-de-produit","embeddable":true,"href":"https:\/\/petmobile.ca\/fr\/wp-json\/wp\/v2\/pa_type-de-produit?post=71003"}],"curies":[{"name":"wp","href":"https:\/\/api.w.org\/{rel}","templated":true}]}}