{"id":80263,"date":"2025-04-16T15:28:06","date_gmt":"2025-04-16T19:28:06","guid":{"rendered":"https:\/\/petmobile.ca\/product\/medaille-pour-chien-en-metal\/"},"modified":"2025-07-09T12:02:29","modified_gmt":"2025-07-09T16:02:29","slug":"medaille-pour-chien-en-metal","status":"publish","type":"product","link":"https:\/\/petmobile.ca\/fr\/produit\/medaille-pour-chien-en-metal\/","title":{"rendered":"M\u00e9daille personnalis\u00e9e pour animal"},"content":{"rendered":"<p>M\u00e9daille en m\u00e9tal<\/p>\n<p>Le nom et le num\u00e9ro de t\u00e9l\u00e9phone de votre chien ou chat seront grav\u00e9s dans le collier de mani\u00e8re permanente pour une identification durable.  Peu importe ou votre animal de compagnie va, son nom et son contact sont disponibles en tout temps.    Vous pouvez \u00eatre tranquille en sachant que votre compagnon aura toujours une identification sur lui.<\/p>\n","protected":false},"excerpt":{"rendered":"<p>Collier personnalis\u00e9 pour chien et chat avec le nom et le num\u00e9ro de t\u00e9l\u00e9phone engrav\u00e9s.<\/p>\n","protected":false},"featured_media":80962,"comment_status":"closed","ping_status":"closed","template":"","meta":[],"product_brand":[],"product_cat":[1117,1109,1118],"product_tag":[],"pa_animal":[],"pa_couleur":[2419,2418],"pa_duration":[],"pa_format":[],"pa_marque":[],"pa_type-de-produit":[],"class_list":{"0":"post-80263","1":"product","2":"type-product","3":"status-publish","4":"has-post-thumbnail","6":"product_cat-chien-accessoires","7":"product_cat-nourriture-et-produits-pour-chien","8":"product_cat-chien-accessoires-laisse-collier-harnais","9":"pa_couleur-noir","10":"pa_couleur-rose","11":"has-subscription-plans","13":"first","14":"instock","15":"taxable","16":"shipping-taxable","17":"purchasable","18":"product-type-variable"},"aioseo_notices":[],"_links":{"self":[{"href":"https:\/\/petmobile.ca\/fr\/wp-json\/wp\/v2\/product\/80263","targetHints":{"allow":["GET"]}}],"collection":[{"href":"https:\/\/petmobile.ca\/fr\/wp-json\/wp\/v2\/product"}],"about":[{"href":"https:\/\/petmobile.ca\/fr\/wp-json\/wp\/v2\/types\/product"}],"replies":[{"embeddable":true,"href":"https:\/\/petmobile.ca\/fr\/wp-json\/wp\/v2\/comments?post=80263"}],"wp:featuredmedia":[{"embeddable":true,"href":"https:\/\/petmobile.ca\/fr\/wp-json\/wp\/v2\/media\/80962"}],"wp:attachment":[{"href":"https:\/\/petmobile.ca\/fr\/wp-json\/wp\/v2\/media?parent=80263"}],"wp:term":[{"taxonomy":"product_brand","embeddable":true,"href":"https:\/\/petmobile.ca\/fr\/wp-json\/wp\/v2\/product_brand?post=80263"},{"taxonomy":"product_cat","embeddable":true,"href":"https:\/\/petmobile.ca\/fr\/wp-json\/wp\/v2\/product_cat?post=80263"},{"taxonomy":"product_tag","embeddable":true,"href":"https:\/\/petmobile.ca\/fr\/wp-json\/wp\/v2\/product_tag?post=80263"},{"taxonomy":"pa_animal","embeddable":true,"href":"https:\/\/petmobile.ca\/fr\/wp-json\/wp\/v2\/pa_animal?post=80263"},{"taxonomy":"pa_couleur","embeddable":true,"href":"https:\/\/petmobile.ca\/fr\/wp-json\/wp\/v2\/pa_couleur?post=80263"},{"taxonomy":"pa_duration","embeddable":true,"href":"https:\/\/petmobile.ca\/fr\/wp-json\/wp\/v2\/pa_duration?post=80263"},{"taxonomy":"pa_format","embeddable":true,"href":"https:\/\/petmobile.ca\/fr\/wp-json\/wp\/v2\/pa_format?post=80263"},{"taxonomy":"pa_marque","embeddable":true,"href":"https:\/\/petmobile.ca\/fr\/wp-json\/wp\/v2\/pa_marque?post=80263"},{"taxonomy":"pa_type-de-produit","embeddable":true,"href":"https:\/\/petmobile.ca\/fr\/wp-json\/wp\/v2\/pa_type-de-produit?post=80263"}],"curies":[{"name":"wp","href":"https:\/\/api.w.org\/{rel}","templated":true}]}}