{"id":81303,"date":"2025-08-01T10:44:07","date_gmt":"2025-08-01T14:44:07","guid":{"rendered":"https:\/\/petmobile.ca\/product\/larve-de-mouche-soldats-seches\/"},"modified":"2025-08-01T10:44:07","modified_gmt":"2025-08-01T14:44:07","slug":"larve-de-mouche-soldats-seches","status":"publish","type":"product","link":"https:\/\/petmobile.ca\/fr\/produit\/larve-de-mouche-soldats-seches\/","title":{"rendered":"Larve de mouche soldats s\u00e9ch\u00e9s"},"content":{"rendered":"<p class=\"xmsonormal\">G\u00e2teries dont plusieurs esp\u00e8ces avec bec et plumes raffolent !<\/p>\n<p class=\"xmsonormal\">Excellente source de prot\u00e9ines<\/p>\n<p class=\"xmsonormal\">M\u00e9langer avec un aliment complet dans le cadre d\u2019un programme d\u2019alimentation \u00e9quilibr\u00e9 sur le plan nutritionnel.<br \/>\nS\u2019adresse \u00e0 la majorit\u00e9 des petits animaux :poule, reptiles, amphibiens, oiseaux domestiques, oiseaux sauvages, rongeurs, h\u00e9rissons, opossums, mouffettes, l\u00e9zards ou dragon barbu.<\/p>\n<p class=\"xmsonormal\">Pour consommation animale uniquement.<\/p>\n","protected":false},"excerpt":{"rendered":"<p>G\u00e2teries dont plusieurs esp\u00e8ces avec bec et plumes raffolent ! Excellente source de prot\u00e9ines M\u00e9langer avec un aliment complet dans<\/p>\n","protected":false},"featured_media":81302,"comment_status":"closed","ping_status":"closed","template":"","meta":[],"product_brand":[],"product_cat":[2912],"product_tag":[],"pa_animal":[2915],"pa_couleur":[],"pa_duration":[],"pa_format":[2914,2020],"pa_marque":[],"pa_type-de-produit":[],"class_list":{"0":"post-81303","1":"product","2":"type-product","3":"status-publish","4":"has-post-thumbnail","6":"product_cat-poules","7":"pa_animal-poulet","8":"pa_format-400g-fr","9":"pa_format-5kg","10":"has-subscription-plans","12":"first","13":"instock","14":"taxable","15":"shipping-taxable","16":"purchasable","17":"product-type-variable"},"aioseo_notices":[],"_links":{"self":[{"href":"https:\/\/petmobile.ca\/fr\/wp-json\/wp\/v2\/product\/81303","targetHints":{"allow":["GET"]}}],"collection":[{"href":"https:\/\/petmobile.ca\/fr\/wp-json\/wp\/v2\/product"}],"about":[{"href":"https:\/\/petmobile.ca\/fr\/wp-json\/wp\/v2\/types\/product"}],"replies":[{"embeddable":true,"href":"https:\/\/petmobile.ca\/fr\/wp-json\/wp\/v2\/comments?post=81303"}],"wp:featuredmedia":[{"embeddable":true,"href":"https:\/\/petmobile.ca\/fr\/wp-json\/wp\/v2\/media\/81302"}],"wp:attachment":[{"href":"https:\/\/petmobile.ca\/fr\/wp-json\/wp\/v2\/media?parent=81303"}],"wp:term":[{"taxonomy":"product_brand","embeddable":true,"href":"https:\/\/petmobile.ca\/fr\/wp-json\/wp\/v2\/product_brand?post=81303"},{"taxonomy":"product_cat","embeddable":true,"href":"https:\/\/petmobile.ca\/fr\/wp-json\/wp\/v2\/product_cat?post=81303"},{"taxonomy":"product_tag","embeddable":true,"href":"https:\/\/petmobile.ca\/fr\/wp-json\/wp\/v2\/product_tag?post=81303"},{"taxonomy":"pa_animal","embeddable":true,"href":"https:\/\/petmobile.ca\/fr\/wp-json\/wp\/v2\/pa_animal?post=81303"},{"taxonomy":"pa_couleur","embeddable":true,"href":"https:\/\/petmobile.ca\/fr\/wp-json\/wp\/v2\/pa_couleur?post=81303"},{"taxonomy":"pa_duration","embeddable":true,"href":"https:\/\/petmobile.ca\/fr\/wp-json\/wp\/v2\/pa_duration?post=81303"},{"taxonomy":"pa_format","embeddable":true,"href":"https:\/\/petmobile.ca\/fr\/wp-json\/wp\/v2\/pa_format?post=81303"},{"taxonomy":"pa_marque","embeddable":true,"href":"https:\/\/petmobile.ca\/fr\/wp-json\/wp\/v2\/pa_marque?post=81303"},{"taxonomy":"pa_type-de-produit","embeddable":true,"href":"https:\/\/petmobile.ca\/fr\/wp-json\/wp\/v2\/pa_type-de-produit?post=81303"}],"curies":[{"name":"wp","href":"https:\/\/api.w.org\/{rel}","templated":true}]}}