{"id":81332,"date":"2025-08-01T13:05:23","date_gmt":"2025-08-01T17:05:23","guid":{"rendered":"https:\/\/petmobile.ca\/product\/tendres-morceaux-de-poisson-de-mer-en-sauce-brio-nutrition-authentic\/"},"modified":"2025-08-01T13:05:23","modified_gmt":"2025-08-01T17:05:23","slug":"tendres-morceaux-de-poisson-de-mer-en-sauce-brio-nutrition-authentic","status":"publish","type":"product","link":"https:\/\/petmobile.ca\/fr\/produit\/tendres-morceaux-de-poisson-de-mer-en-sauce-brio-nutrition-authentic\/","title":{"rendered":"Tendres morceaux de poisson de mer en sauce | Brio Nutrition | Authentic"},"content":{"rendered":"<h1 class=\"text-2xl font-bold mt-1 text-text-100\">Un oc\u00e9an de saveurs !<\/h1>\n<p class=\"whitespace-normal break-words\">Tu as d\u00e9j\u00e0 vu ton chien renifler l\u2019air avec cette expression gourmande quand une d\u00e9licieuse odeur de poisson flotte dans la cuisine ? Pr\u00e9pare-toi \u00e0 voir cette m\u00eame expression avec cette recette marine exceptionnelle !<\/p>\n<h2 class=\"text-xl font-bold text-text-100 mt-1 -mb-0.5\">Des tr\u00e9sors de la mer dans chaque bouch\u00e9e<\/h2>\n<p class=\"whitespace-normal break-words\">Notre\u00a0<strong>bouillon de poisson<\/strong>\u00a0forme la base liquide de ce m\u00e9lange marin. Le\u00a0<strong>poisson de mer<\/strong>\u00a0frais apporte ces prot\u00e9ines nobles et facilement digestibles que les chiens adorent, tandis que le\u00a0<strong>saumon<\/strong>\u00a0premium ajoute cette richesse gustative incomparable qui fait fondre m\u00eame les plus difficiles.<\/p>\n<p class=\"whitespace-normal break-words\">Le\u00a0<strong>foie de porc<\/strong>, toujours pr\u00e9sent dans nos recettes pour sa richesse nutritionnelle exceptionnelle, se marie parfaitement aux saveurs marines pour cr\u00e9er un \u00e9quilibre gustatif unique. Les\u00a0<strong>prot\u00e9ines de pois<\/strong>\u00a0compl\u00e8tent harmonieusement cet apport prot\u00e9ique de haute qualit\u00e9.<\/p>\n<p class=\"whitespace-normal break-words\">L\u2019<strong>huile de canola<\/strong>\u00a0et l\u2019<strong>huile de saumon<\/strong>\u00a0forment un duo gagnant pour la sant\u00e9 de la peau et du pelage de ton compagnon.<\/p>\n<h2 class=\"text-xl font-bold text-text-100 mt-1 -mb-0.5\">Les bienfaits des prot\u00e9ines marines<\/h2>\n<p class=\"whitespace-normal break-words\">En offrant du vrai poisson \u00e0 ton chien, tu lui donnes acc\u00e8s \u00e0 des bienfaits uniques :<\/p>\n<p class=\"whitespace-normal break-words\"><strong>Des om\u00e9ga-3 naturels en abondance<\/strong>\u00a0\u2013 Le saumon et l\u2019huile de saumon sont des sources exceptionnelles d\u2019acides gras qui donnent \u00e0 ton chien un beau pelage.<\/p>\n<p class=\"whitespace-normal break-words\"><strong>Une digestion ultra-facilit\u00e9e<\/strong>\u00a0\u2013 Les prot\u00e9ines de poisson sont parmi les plus douces pour l\u2019estomac, parfaites m\u00eame pour les chiens aux syst\u00e8mes digestifs sensibles.<\/p>\n<p class=\"whitespace-normal break-words\"><strong>Un soutien cardiovasculaire naturel<\/strong>\u00a0\u2013 Les nutriments marins contribuent \u00e0 maintenir un c\u0153ur fort et un syst\u00e8me circulatoire en pleine forme.<\/p>\n<p class=\"whitespace-normal break-words\"><strong>Un boost d\u2019\u00e9nergie durable<\/strong>\u00a0\u2013 Les prot\u00e9ines marines fournissent une \u00e9nergie stable et soutenue, parfaite pour les chiens actifs comme pour les plus tranquilles.<\/p>\n<p class=\"whitespace-normal break-words\"><strong>Une intelligence qui p\u00e9tille<\/strong>\u00a0\u2013 Les om\u00e9ga-3 soutiennent \u00e9galement les fonctions cognitives. Un chien bien nourri est un chien \u00e9veill\u00e9 et r\u00e9ceptif !<\/p>\n<h2 class=\"text-xl font-bold text-text-100 mt-1 -mb-0.5\">La puret\u00e9 marine \u00e0 l\u2019\u00e9tat pur<\/h2>\n<p class=\"whitespace-normal break-words\">Aucun ar\u00f4me artificiel de poisson ici ! Cette recette marine apporte toute la fra\u00eecheur et la richesse nutritionnelle que ton chien m\u00e9rite.<\/p>\n","protected":false},"excerpt":{"rendered":"<h1 class=\"text-2xl font-bold mt-1 text-text-100\">Un oc\u00e9an de saveurs !<\/h1>\n<p class=\"whitespace-normal break-words\">Tu as d\u00e9j\u00e0 vu ton chien renifler l\u2019air avec cette expression gourmande quand une d\u00e9licieuse odeur de poisson flotte dans la cuisine ? Pr\u00e9pare-toi \u00e0 voir cette m\u00eame expression avec cette recette marine exceptionnelle !<\/p>\n","protected":false},"featured_media":81331,"comment_status":"closed","ping_status":"closed","template":"","meta":[],"product_brand":[],"product_cat":[1109,1110,1112],"product_tag":[],"pa_animal":[1848],"pa_couleur":[],"pa_duration":[],"pa_format":[2703,2702],"pa_marque":[],"pa_type-de-produit":[],"class_list":{"0":"post-81332","1":"product","2":"type-product","3":"status-publish","4":"has-post-thumbnail","6":"product_cat-nourriture-et-produits-pour-chien","7":"product_cat-chien-nourriture","8":"product_cat-chien-nourriture-humide","9":"pa_animal-chien","10":"pa_format-caisse-12-x-369g","11":"pa_format-unite-1-x-369g","12":"has-subscription-plans","14":"first","15":"instock","16":"taxable","17":"shipping-taxable","18":"purchasable","19":"product-type-variable"},"aioseo_notices":[],"_links":{"self":[{"href":"https:\/\/petmobile.ca\/fr\/wp-json\/wp\/v2\/product\/81332","targetHints":{"allow":["GET"]}}],"collection":[{"href":"https:\/\/petmobile.ca\/fr\/wp-json\/wp\/v2\/product"}],"about":[{"href":"https:\/\/petmobile.ca\/fr\/wp-json\/wp\/v2\/types\/product"}],"replies":[{"embeddable":true,"href":"https:\/\/petmobile.ca\/fr\/wp-json\/wp\/v2\/comments?post=81332"}],"wp:featuredmedia":[{"embeddable":true,"href":"https:\/\/petmobile.ca\/fr\/wp-json\/wp\/v2\/media\/81331"}],"wp:attachment":[{"href":"https:\/\/petmobile.ca\/fr\/wp-json\/wp\/v2\/media?parent=81332"}],"wp:term":[{"taxonomy":"product_brand","embeddable":true,"href":"https:\/\/petmobile.ca\/fr\/wp-json\/wp\/v2\/product_brand?post=81332"},{"taxonomy":"product_cat","embeddable":true,"href":"https:\/\/petmobile.ca\/fr\/wp-json\/wp\/v2\/product_cat?post=81332"},{"taxonomy":"product_tag","embeddable":true,"href":"https:\/\/petmobile.ca\/fr\/wp-json\/wp\/v2\/product_tag?post=81332"},{"taxonomy":"pa_animal","embeddable":true,"href":"https:\/\/petmobile.ca\/fr\/wp-json\/wp\/v2\/pa_animal?post=81332"},{"taxonomy":"pa_couleur","embeddable":true,"href":"https:\/\/petmobile.ca\/fr\/wp-json\/wp\/v2\/pa_couleur?post=81332"},{"taxonomy":"pa_duration","embeddable":true,"href":"https:\/\/petmobile.ca\/fr\/wp-json\/wp\/v2\/pa_duration?post=81332"},{"taxonomy":"pa_format","embeddable":true,"href":"https:\/\/petmobile.ca\/fr\/wp-json\/wp\/v2\/pa_format?post=81332"},{"taxonomy":"pa_marque","embeddable":true,"href":"https:\/\/petmobile.ca\/fr\/wp-json\/wp\/v2\/pa_marque?post=81332"},{"taxonomy":"pa_type-de-produit","embeddable":true,"href":"https:\/\/petmobile.ca\/fr\/wp-json\/wp\/v2\/pa_type-de-produit?post=81332"}],"curies":[{"name":"wp","href":"https:\/\/api.w.org\/{rel}","templated":true}]}}