{"id":83614,"date":"2026-03-23T14:28:53","date_gmt":"2026-03-23T18:28:53","guid":{"rendered":"https:\/\/petmobile.ca\/?post_type=product&#038;p=83614"},"modified":"2026-03-23T14:38:10","modified_gmt":"2026-03-23T18:38:10","slug":"marcheur-de-chien-terrebone","status":"publish","type":"product","link":"https:\/\/petmobile.ca\/fr\/produit\/marcheur-de-chien-terrebone\/","title":{"rendered":"Marcheur de Chien &#8211; Terrebonne"},"content":{"rendered":"<p>.<\/p>\n<p data-path-to-node=\"6\">Passionn\u00e9 par les chiens, je propose des services de promenade pour vos compagnons \u00e0 quatre pattes. Pour moi, marcher avec un chien n\u2019est pas un travail, c\u2019est un vrai moment de bonheur ! Chaque sortie est l\u2019occasion pour votre chien de se d\u00e9penser, de s\u2019amuser et de profiter d\u2019un bon bol d\u2019air, en toute s\u00e9curit\u00e9.<\/p>\n<p data-path-to-node=\"7\">Je m\u2019adapte \u00e0 son rythme, \u00e0 son caract\u00e8re, et je veille toujours \u00e0 son bien-\u00eatre. Que ce soit pour une balade ponctuelle ou r\u00e9guli\u00e8re, je suis disponible et \u00e0 l\u2019\u00e9coute de vos besoins.<\/p>\n<p data-path-to-node=\"8\">N\u2019h\u00e9sitez pas \u00e0 me contacter pour en savoir plus ou organiser une premi\u00e8re rencontre !<\/p>\n<p data-path-to-node=\"9\">\u00c0 bient\u00f4t Fr\u00e9d\u00e9ric Poulio<\/p>\n","protected":false},"excerpt":{"rendered":"<p>. Passionn\u00e9 par les chiens, je propose des services de promenade pour vos compagnons \u00e0 quatre pattes. Pour moi, marcher<\/p>\n","protected":false},"featured_media":62732,"comment_status":"closed","ping_status":"closed","template":"","meta":[],"product_brand":[],"product_cat":[2184,2181],"product_tag":[],"pa_animal":[],"pa_couleur":[],"pa_duration":[],"pa_format":[],"pa_marque":[],"pa_type-de-produit":[],"class_list":{"0":"post-83614","1":"product","2":"type-product","3":"status-publish","4":"has-post-thumbnail","6":"product_cat-marcheur-de-chien","7":"product_cat-services","8":"wcpv_product_vendors-frederic-pouliot","10":"first","11":"instock","12":"featured","13":"virtual","14":"sold-individually","15":"taxable","16":"purchasable","17":"product-type-booking"},"aioseo_notices":[],"_links":{"self":[{"href":"https:\/\/petmobile.ca\/fr\/wp-json\/wp\/v2\/product\/83614","targetHints":{"allow":["GET"]}}],"collection":[{"href":"https:\/\/petmobile.ca\/fr\/wp-json\/wp\/v2\/product"}],"about":[{"href":"https:\/\/petmobile.ca\/fr\/wp-json\/wp\/v2\/types\/product"}],"replies":[{"embeddable":true,"href":"https:\/\/petmobile.ca\/fr\/wp-json\/wp\/v2\/comments?post=83614"}],"wp:featuredmedia":[{"embeddable":true,"href":"https:\/\/petmobile.ca\/fr\/wp-json\/wp\/v2\/media\/62732"}],"wp:attachment":[{"href":"https:\/\/petmobile.ca\/fr\/wp-json\/wp\/v2\/media?parent=83614"}],"wp:term":[{"taxonomy":"product_brand","embeddable":true,"href":"https:\/\/petmobile.ca\/fr\/wp-json\/wp\/v2\/product_brand?post=83614"},{"taxonomy":"product_cat","embeddable":true,"href":"https:\/\/petmobile.ca\/fr\/wp-json\/wp\/v2\/product_cat?post=83614"},{"taxonomy":"product_tag","embeddable":true,"href":"https:\/\/petmobile.ca\/fr\/wp-json\/wp\/v2\/product_tag?post=83614"},{"taxonomy":"pa_animal","embeddable":true,"href":"https:\/\/petmobile.ca\/fr\/wp-json\/wp\/v2\/pa_animal?post=83614"},{"taxonomy":"pa_couleur","embeddable":true,"href":"https:\/\/petmobile.ca\/fr\/wp-json\/wp\/v2\/pa_couleur?post=83614"},{"taxonomy":"pa_duration","embeddable":true,"href":"https:\/\/petmobile.ca\/fr\/wp-json\/wp\/v2\/pa_duration?post=83614"},{"taxonomy":"pa_format","embeddable":true,"href":"https:\/\/petmobile.ca\/fr\/wp-json\/wp\/v2\/pa_format?post=83614"},{"taxonomy":"pa_marque","embeddable":true,"href":"https:\/\/petmobile.ca\/fr\/wp-json\/wp\/v2\/pa_marque?post=83614"},{"taxonomy":"pa_type-de-produit","embeddable":true,"href":"https:\/\/petmobile.ca\/fr\/wp-json\/wp\/v2\/pa_type-de-produit?post=83614"}],"curies":[{"name":"wp","href":"https:\/\/api.w.org\/{rel}","templated":true}]}}