{"id":83819,"date":"2026-04-09T12:28:55","date_gmt":"2026-04-09T16:28:55","guid":{"rendered":"https:\/\/petmobile.ca\/?post_type=product&#038;p=83819"},"modified":"2026-04-13T14:55:58","modified_gmt":"2026-04-13T18:55:58","slug":"marcheur-de-chien-victoriaville","status":"publish","type":"product","link":"https:\/\/petmobile.ca\/fr\/produit\/marcheur-de-chien-victoriaville\/","title":{"rendered":"Marcheur de Chien &#8211; Victoriaville"},"content":{"rendered":"<p data-path-to-node=\"0\">Chez nous,\u00a0 la passion pour les animaux est au c\u0153ur de tout ce que nous faisons. Y compris notre service de marcheur de chien. Nous comprenons que votre compagnon est un membre de la famille \u00e0 part enti\u00e8re, c'est pourquoi nous traitons chaque animal avec le m\u00eame amour et la m\u00eame attention que s'il \u00e9tait le n\u00f4tre.<\/p>\n<p data-path-to-node=\"1\">Lors de nos marches, nous nous engageons \u00e0 offrir \u00e0 vos prot\u00e9g\u00e9s un moment s\u00e9curitaire, stimulant et rempli de bienveillance. Vous pouvez avoir l'esprit tranquille : leur bien-\u00eatre et leur bonheur sont notre priorit\u00e9 absolue \u00e0 chaque pas.<\/p>\n<p data-path-to-node=\"1\">Vous aimeriez en apprendre plus sur vos animaux? Suivez notre page Facebook!<\/p>\n<p data-path-to-node=\"1\">Visiter notre page de services (Plus de services seront disponible \u00e9ventuellement!<\/p>\n<p data-path-to-node=\"1\">Page Facebook PetMobile Victoriaville: <a href=\"https:\/\/www.facebook.com\/profile.php?id=100069615262392\">(1) Facebook<\/a><\/p>\n<p data-path-to-node=\"1\">Notre Profil PetMobile: <a href=\"https:\/\/petmobile.ca\/vendor\/miguel-cormier\/\">PetMobile \u2023 Miguel Cormier<\/a><\/p>\n","protected":false},"excerpt":{"rendered":"<p>Vous pouvez avoir l&rsquo;esprit tranquille : leur bien-\u00eatre et leur bonheur sont notre priorit\u00e9 absolue pendant nos marches.<\/p>\n","protected":false},"featured_media":62732,"comment_status":"closed","ping_status":"closed","template":"","meta":[],"product_brand":[],"product_cat":[2184,2181],"product_tag":[],"pa_animal":[],"pa_couleur":[],"pa_duration":[],"pa_format":[],"pa_marque":[],"pa_type-de-produit":[],"class_list":{"0":"post-83819","1":"product","2":"type-product","3":"status-publish","4":"has-post-thumbnail","6":"product_cat-marcheur-de-chien","7":"product_cat-services","8":"wcpv_product_vendors-miguel-cormier","10":"first","11":"instock","12":"featured","13":"virtual","14":"sold-individually","15":"taxable","16":"purchasable","17":"product-type-booking"},"aioseo_notices":[],"_links":{"self":[{"href":"https:\/\/petmobile.ca\/fr\/wp-json\/wp\/v2\/product\/83819","targetHints":{"allow":["GET"]}}],"collection":[{"href":"https:\/\/petmobile.ca\/fr\/wp-json\/wp\/v2\/product"}],"about":[{"href":"https:\/\/petmobile.ca\/fr\/wp-json\/wp\/v2\/types\/product"}],"replies":[{"embeddable":true,"href":"https:\/\/petmobile.ca\/fr\/wp-json\/wp\/v2\/comments?post=83819"}],"wp:featuredmedia":[{"embeddable":true,"href":"https:\/\/petmobile.ca\/fr\/wp-json\/wp\/v2\/media\/62732"}],"wp:attachment":[{"href":"https:\/\/petmobile.ca\/fr\/wp-json\/wp\/v2\/media?parent=83819"}],"wp:term":[{"taxonomy":"product_brand","embeddable":true,"href":"https:\/\/petmobile.ca\/fr\/wp-json\/wp\/v2\/product_brand?post=83819"},{"taxonomy":"product_cat","embeddable":true,"href":"https:\/\/petmobile.ca\/fr\/wp-json\/wp\/v2\/product_cat?post=83819"},{"taxonomy":"product_tag","embeddable":true,"href":"https:\/\/petmobile.ca\/fr\/wp-json\/wp\/v2\/product_tag?post=83819"},{"taxonomy":"pa_animal","embeddable":true,"href":"https:\/\/petmobile.ca\/fr\/wp-json\/wp\/v2\/pa_animal?post=83819"},{"taxonomy":"pa_couleur","embeddable":true,"href":"https:\/\/petmobile.ca\/fr\/wp-json\/wp\/v2\/pa_couleur?post=83819"},{"taxonomy":"pa_duration","embeddable":true,"href":"https:\/\/petmobile.ca\/fr\/wp-json\/wp\/v2\/pa_duration?post=83819"},{"taxonomy":"pa_format","embeddable":true,"href":"https:\/\/petmobile.ca\/fr\/wp-json\/wp\/v2\/pa_format?post=83819"},{"taxonomy":"pa_marque","embeddable":true,"href":"https:\/\/petmobile.ca\/fr\/wp-json\/wp\/v2\/pa_marque?post=83819"},{"taxonomy":"pa_type-de-produit","embeddable":true,"href":"https:\/\/petmobile.ca\/fr\/wp-json\/wp\/v2\/pa_type-de-produit?post=83819"}],"curies":[{"name":"wp","href":"https:\/\/api.w.org\/{rel}","templated":true}]}}