{"id":83823,"date":"2026-04-09T13:11:21","date_gmt":"2026-04-09T17:11:21","guid":{"rendered":"https:\/\/petmobile.ca\/?post_type=product&#038;p=83823"},"modified":"2026-04-14T14:19:35","modified_gmt":"2026-04-14T18:19:35","slug":"marcheur-de-chien-terrebonne-copy-copy","status":"publish","type":"product","link":"https:\/\/petmobile.ca\/fr\/produit\/marcheur-de-chien-terrebonne-copy-copy\/","title":{"rendered":"Photographie d&rsquo;animaux &#8211; Qu\u00e9bec"},"content":{"rendered":"<p>Inclus : s\u00e9ance d'une heure et 4 photos de haute qualit\u00e9<\/p>\n<p><span data-olk-copy-source=\"MessageBody\">Photographe animali\u00e8re sp\u00e9cialis\u00e9e en chiens, je travaille \u00e0 travers les 4 saisons afin de capturer des moments authentiques dans diff\u00e9rents environnements naturels. Mon approche met l\u2019accent sur le lien unique entre le chien et son humain, en cr\u00e9ant des images remplies d\u2019\u00e9motion, tout en respectant le rythme et le bien-\u00eatre de l\u2019animal. D\u00e9placement partout au Qu\u00e9bec.<\/span><\/p>\n","protected":false},"excerpt":{"rendered":"<p>Inclus : s\u00e9ance d&rsquo;une heure et 4 photos de haute qualit\u00e9<\/p>\n<p><span data-olk-copy-source=\"MessageBody\">D\u00e9placement partout au Qu\u00e9bec.<\/span><\/p>\n","protected":false},"featured_media":83821,"comment_status":"closed","ping_status":"closed","template":"","meta":[],"product_brand":[],"product_cat":[2947,2181],"product_tag":[],"pa_animal":[],"pa_couleur":[],"pa_duration":[],"pa_format":[],"pa_marque":[],"pa_type-de-produit":[],"class_list":{"0":"post-83823","1":"product","2":"type-product","3":"status-publish","4":"has-post-thumbnail","6":"product_cat-photographie-animaliere","7":"product_cat-services","8":"wcpv_product_vendors-thayla-gagne","10":"first","11":"instock","12":"featured","13":"sold-individually","14":"taxable","15":"shipping-taxable","16":"purchasable","17":"product-type-booking"},"aioseo_notices":[],"_links":{"self":[{"href":"https:\/\/petmobile.ca\/fr\/wp-json\/wp\/v2\/product\/83823","targetHints":{"allow":["GET"]}}],"collection":[{"href":"https:\/\/petmobile.ca\/fr\/wp-json\/wp\/v2\/product"}],"about":[{"href":"https:\/\/petmobile.ca\/fr\/wp-json\/wp\/v2\/types\/product"}],"replies":[{"embeddable":true,"href":"https:\/\/petmobile.ca\/fr\/wp-json\/wp\/v2\/comments?post=83823"}],"wp:featuredmedia":[{"embeddable":true,"href":"https:\/\/petmobile.ca\/fr\/wp-json\/wp\/v2\/media\/83821"}],"wp:attachment":[{"href":"https:\/\/petmobile.ca\/fr\/wp-json\/wp\/v2\/media?parent=83823"}],"wp:term":[{"taxonomy":"product_brand","embeddable":true,"href":"https:\/\/petmobile.ca\/fr\/wp-json\/wp\/v2\/product_brand?post=83823"},{"taxonomy":"product_cat","embeddable":true,"href":"https:\/\/petmobile.ca\/fr\/wp-json\/wp\/v2\/product_cat?post=83823"},{"taxonomy":"product_tag","embeddable":true,"href":"https:\/\/petmobile.ca\/fr\/wp-json\/wp\/v2\/product_tag?post=83823"},{"taxonomy":"pa_animal","embeddable":true,"href":"https:\/\/petmobile.ca\/fr\/wp-json\/wp\/v2\/pa_animal?post=83823"},{"taxonomy":"pa_couleur","embeddable":true,"href":"https:\/\/petmobile.ca\/fr\/wp-json\/wp\/v2\/pa_couleur?post=83823"},{"taxonomy":"pa_duration","embeddable":true,"href":"https:\/\/petmobile.ca\/fr\/wp-json\/wp\/v2\/pa_duration?post=83823"},{"taxonomy":"pa_format","embeddable":true,"href":"https:\/\/petmobile.ca\/fr\/wp-json\/wp\/v2\/pa_format?post=83823"},{"taxonomy":"pa_marque","embeddable":true,"href":"https:\/\/petmobile.ca\/fr\/wp-json\/wp\/v2\/pa_marque?post=83823"},{"taxonomy":"pa_type-de-produit","embeddable":true,"href":"https:\/\/petmobile.ca\/fr\/wp-json\/wp\/v2\/pa_type-de-produit?post=83823"}],"curies":[{"name":"wp","href":"https:\/\/api.w.org\/{rel}","templated":true}]}}