{"id":83985,"date":"2026-04-28T10:12:16","date_gmt":"2026-04-28T14:12:16","guid":{"rendered":"https:\/\/petmobile.ca\/product\/litiere-pour-furets-marshall-10-lb-45-kg\/"},"modified":"2026-04-28T10:12:16","modified_gmt":"2026-04-28T14:12:16","slug":"litiere-pour-furets-marshall-10-lb-45-kg","status":"publish","type":"product","link":"https:\/\/petmobile.ca\/fr\/produit\/litiere-pour-furets-marshall-10-lb-45-kg\/","title":{"rendered":"Liti\u00e8re pour furets Marshall (10 lb \/ 4,5 kg)"},"content":{"rendered":"<p>La liti\u00e8re Marshall offre une absorption sup\u00e9rieure et un contr\u00f4le exceptionnel des odeurs. En plus d'\u00eatre sans poussi\u00e8re et hypoallerg\u00e9nique, elle est respectueuse de l'environnement, biod\u00e9gradable et peut \u00eatre jet\u00e9e dans les toilettes. La taille et la couleur des granul\u00e9s peuvent varier.<\/p>\n","protected":false},"excerpt":{"rendered":"<p>La liti\u00e8re Marshall offre une absorption sup\u00e9rieure et un contr\u00f4le exceptionnel des odeurs. En plus d&rsquo;\u00eatre sans poussi\u00e8re et hypoallerg\u00e9nique,<\/p>\n","protected":false},"featured_media":83984,"comment_status":"closed","ping_status":"closed","template":"","meta":[],"product_brand":[],"product_cat":[1132,1137],"product_tag":[],"pa_animal":[],"pa_couleur":[],"pa_duration":[],"pa_format":[],"pa_marque":[],"pa_type-de-produit":[],"class_list":{"0":"post-83985","1":"product","2":"type-product","3":"status-publish","4":"has-post-thumbnail","6":"product_cat-produits-pour-petit-animal","7":"product_cat-autre-animal-petit-soins","8":"has-subscription-plans","10":"first","11":"instock","12":"taxable","13":"shipping-taxable","14":"purchasable","15":"product-type-simple"},"aioseo_notices":[],"_links":{"self":[{"href":"https:\/\/petmobile.ca\/fr\/wp-json\/wp\/v2\/product\/83985","targetHints":{"allow":["GET"]}}],"collection":[{"href":"https:\/\/petmobile.ca\/fr\/wp-json\/wp\/v2\/product"}],"about":[{"href":"https:\/\/petmobile.ca\/fr\/wp-json\/wp\/v2\/types\/product"}],"replies":[{"embeddable":true,"href":"https:\/\/petmobile.ca\/fr\/wp-json\/wp\/v2\/comments?post=83985"}],"wp:featuredmedia":[{"embeddable":true,"href":"https:\/\/petmobile.ca\/fr\/wp-json\/wp\/v2\/media\/83984"}],"wp:attachment":[{"href":"https:\/\/petmobile.ca\/fr\/wp-json\/wp\/v2\/media?parent=83985"}],"wp:term":[{"taxonomy":"product_brand","embeddable":true,"href":"https:\/\/petmobile.ca\/fr\/wp-json\/wp\/v2\/product_brand?post=83985"},{"taxonomy":"product_cat","embeddable":true,"href":"https:\/\/petmobile.ca\/fr\/wp-json\/wp\/v2\/product_cat?post=83985"},{"taxonomy":"product_tag","embeddable":true,"href":"https:\/\/petmobile.ca\/fr\/wp-json\/wp\/v2\/product_tag?post=83985"},{"taxonomy":"pa_animal","embeddable":true,"href":"https:\/\/petmobile.ca\/fr\/wp-json\/wp\/v2\/pa_animal?post=83985"},{"taxonomy":"pa_couleur","embeddable":true,"href":"https:\/\/petmobile.ca\/fr\/wp-json\/wp\/v2\/pa_couleur?post=83985"},{"taxonomy":"pa_duration","embeddable":true,"href":"https:\/\/petmobile.ca\/fr\/wp-json\/wp\/v2\/pa_duration?post=83985"},{"taxonomy":"pa_format","embeddable":true,"href":"https:\/\/petmobile.ca\/fr\/wp-json\/wp\/v2\/pa_format?post=83985"},{"taxonomy":"pa_marque","embeddable":true,"href":"https:\/\/petmobile.ca\/fr\/wp-json\/wp\/v2\/pa_marque?post=83985"},{"taxonomy":"pa_type-de-produit","embeddable":true,"href":"https:\/\/petmobile.ca\/fr\/wp-json\/wp\/v2\/pa_type-de-produit?post=83985"}],"curies":[{"name":"wp","href":"https:\/\/api.w.org\/{rel}","templated":true}]}}