{"id":84110,"date":"2026-05-11T14:40:46","date_gmt":"2026-05-11T18:40:46","guid":{"rendered":"https:\/\/petmobile.ca\/?post_type=product&#038;p=84110"},"modified":"2026-05-11T14:52:49","modified_gmt":"2026-05-11T18:52:49","slug":"marche-de-chien-ayers-cliff","status":"publish","type":"product","link":"https:\/\/petmobile.ca\/fr\/produit\/marche-de-chien-ayers-cliff\/","title":{"rendered":"Marche de Chien &#8211; Ayer&rsquo;s Cliff"},"content":{"rendered":"<p>J'ai toujours aim\u00e9 les animaux, j'ai moi m\u00eame 2 chiens de 3 ans a la maison ! Je suis en train de suivre une formation en comportement canin pour \u00eatre intervenante en comportement canin !<\/p>\n<p>Service de marche de chien<\/p>\n","protected":false},"excerpt":{"rendered":"<p>Service de marche de chien<\/p>\n","protected":false},"featured_media":62732,"comment_status":"closed","ping_status":"closed","template":"","meta":[],"product_brand":[],"product_cat":[2184,2181],"product_tag":[],"pa_animal":[],"pa_couleur":[],"pa_duration":[],"pa_format":[],"pa_marque":[],"pa_type-de-produit":[],"class_list":{"0":"post-84110","1":"product","2":"type-product","3":"status-publish","4":"has-post-thumbnail","6":"product_cat-marcheur-de-chien","7":"product_cat-services","8":"wcpv_product_vendors-angelik-leclerc","10":"first","11":"instock","12":"featured","13":"virtual","14":"sold-individually","15":"taxable","16":"purchasable","17":"product-type-booking"},"aioseo_notices":[],"_links":{"self":[{"href":"https:\/\/petmobile.ca\/fr\/wp-json\/wp\/v2\/product\/84110","targetHints":{"allow":["GET"]}}],"collection":[{"href":"https:\/\/petmobile.ca\/fr\/wp-json\/wp\/v2\/product"}],"about":[{"href":"https:\/\/petmobile.ca\/fr\/wp-json\/wp\/v2\/types\/product"}],"replies":[{"embeddable":true,"href":"https:\/\/petmobile.ca\/fr\/wp-json\/wp\/v2\/comments?post=84110"}],"wp:featuredmedia":[{"embeddable":true,"href":"https:\/\/petmobile.ca\/fr\/wp-json\/wp\/v2\/media\/62732"}],"wp:attachment":[{"href":"https:\/\/petmobile.ca\/fr\/wp-json\/wp\/v2\/media?parent=84110"}],"wp:term":[{"taxonomy":"product_brand","embeddable":true,"href":"https:\/\/petmobile.ca\/fr\/wp-json\/wp\/v2\/product_brand?post=84110"},{"taxonomy":"product_cat","embeddable":true,"href":"https:\/\/petmobile.ca\/fr\/wp-json\/wp\/v2\/product_cat?post=84110"},{"taxonomy":"product_tag","embeddable":true,"href":"https:\/\/petmobile.ca\/fr\/wp-json\/wp\/v2\/product_tag?post=84110"},{"taxonomy":"pa_animal","embeddable":true,"href":"https:\/\/petmobile.ca\/fr\/wp-json\/wp\/v2\/pa_animal?post=84110"},{"taxonomy":"pa_couleur","embeddable":true,"href":"https:\/\/petmobile.ca\/fr\/wp-json\/wp\/v2\/pa_couleur?post=84110"},{"taxonomy":"pa_duration","embeddable":true,"href":"https:\/\/petmobile.ca\/fr\/wp-json\/wp\/v2\/pa_duration?post=84110"},{"taxonomy":"pa_format","embeddable":true,"href":"https:\/\/petmobile.ca\/fr\/wp-json\/wp\/v2\/pa_format?post=84110"},{"taxonomy":"pa_marque","embeddable":true,"href":"https:\/\/petmobile.ca\/fr\/wp-json\/wp\/v2\/pa_marque?post=84110"},{"taxonomy":"pa_type-de-produit","embeddable":true,"href":"https:\/\/petmobile.ca\/fr\/wp-json\/wp\/v2\/pa_type-de-produit?post=84110"}],"curies":[{"name":"wp","href":"https:\/\/api.w.org\/{rel}","templated":true}]}}